{"id":1122,"date":"2013-04-16T19:08:23","date_gmt":"2013-04-16T16:08:23","guid":{"rendered":"http:\/\/sodik.fi\/?page_id=1122"},"modified":"2024-03-07T11:14:40","modified_gmt":"2024-03-07T09:14:40","slug":"yhteystiedot-2","status":"publish","type":"page","link":"https:\/\/sodik.fi\/?page_id=1122","title":{"rendered":"Yhteystiedot &#8211; Contact information"},"content":{"rendered":"\n<div style=\"height:40px\" aria-hidden=\"true\" class=\"wp-block-spacer\"><\/div>\n\n\n\n<h2 class=\"wp-block-heading\"><strong>J\u00e4sen<\/strong>eksi hakeminen &#8211; Membership application<\/h2>\n\n\n\n<p>Voit l\u00e4hett\u00e4\u00e4 s\u00e4hk\u00f6postia osoitteella <em><strong>sihteeri(at)sodik.fi<\/strong><\/em>. Ilmoita samalla halukkuudestasi liitty\u00e4 <a href=\"https:\/\/www.ilmailuliitto.fi\/\" target=\"_blank\" rel=\"noreferrer noopener\">Suomen ilmailuliiton<\/a> j\u00e4seneksi.<\/p>\n\n\n\n<p>You can send an email to the address <em><strong>sihteeri(at)sodik.fi<\/strong><\/em>. Please also indicate your interest in joining <a href=\"https:\/\/www.ilmailuliitto.fi\/briefly-in-english\/\" target=\"_blank\" rel=\"noreferrer noopener\">Finnish Aeronautical Association<\/a>.<\/p>\n\n\n\n<div style=\"height:40px\" aria-hidden=\"true\" class=\"wp-block-spacer\"><\/div>\n\n\n\n<figure class=\"wp-block-image size-large\"><a href=\"https:\/\/sodik.fi\/wp-content\/uploads\/2022\/05\/xhn.jpg\"><img loading=\"lazy\" decoding=\"async\" width=\"1024\" height=\"682\" src=\"https:\/\/sodik.fi\/wp-content\/uploads\/2022\/05\/xhn-1024x682.jpg\" alt=\"\" class=\"wp-image-8403\" srcset=\"https:\/\/sodik.fi\/wp-content\/uploads\/2022\/05\/xhn.jpg 1024w, https:\/\/sodik.fi\/wp-content\/uploads\/2022\/05\/xhn-300x200.jpg 300w, https:\/\/sodik.fi\/wp-content\/uploads\/2022\/05\/xhn-768x512.jpg 768w, https:\/\/sodik.fi\/wp-content\/uploads\/2022\/05\/xhn-450x300.jpg 450w, https:\/\/sodik.fi\/wp-content\/uploads\/2022\/05\/xhn-180x120.jpg 180w\" sizes=\"(max-width: 1024px) 100vw, 1024px\" \/><\/a><\/figure>\n\n\n\n<div style=\"height:40px\" aria-hidden=\"true\" class=\"wp-block-spacer\"><\/div>\n\n\n\n<h2 class=\"wp-block-heading\">Ilmailukerhon yhteystiedot &#8211; Contact information for the aviation club<\/h2>\n\n\n\n<p>SODANKYL\u00c4N ILMAILUKERHO RY<br \/>Lentoasemantie 42 a<br \/>99600 Sodankyl\u00e4<br \/>www.sodik.fi<br \/><strong><em>sihteeri(at)sodik.fi<\/em><\/strong><\/p>\n\n\n\n<blockquote class=\"wp-block-quote\">\n<p><strong>Puheenjohtaja<\/strong> <strong>&#8211; Chairman<\/strong><br \/><em>Kari Korvanen, <\/em>kari.korvanen(at)sodik.fi, +358 4o o97 o13o<\/p>\n\n\n\n<p><strong>Sihteeri<\/strong> <strong>&#8211; Secretary<\/strong><br \/>Saija M\u00e4\u00e4tt\u00e4, sihteeri(at)sodik.fi, +358 5o 5o2 1358<\/p>\n\n\n\n<p><strong>Rahastonhoitaja<\/strong> <strong>&#8211; Treasurer<\/strong><br \/>Pirjo Kuusela, laskut(at)sodik.fi<\/p>\n\n\n\n<p><strong>Moottorilennon opettaja &#8211; Flight instructor (for powered flight)<\/strong><br \/>Matias Laakso, matias.laakso71(at)gmail.com, +358 4o 869 4979<\/p>\n\n\n\n<p><strong>Purjelennon opettaja<\/strong> <strong>&#8211; Glider flight instructor<\/strong><br \/>Sauli Salmela, sauli.salmela(at)sodik.fi, +358 4o 543 o765<\/p>\n\n\n\n<p><strong>Purjekoneiden kalustovastaava (huoltop\u00e4\u00e4llikk\u00f6) &#8211; Glider Fleet Manager (Maintenance Manager)<\/strong><br \/>Sauli Salmela, sauli.salmela(at)sodik.fi, +358 4o 543 o765<\/p>\n\n\n\n<p><strong>Moottorikoneiden jatkuvan lentokelpoisuuden valvonta<\/strong> <strong>&#8211; Supervision of the continuous airworthiness of aircrafts<\/strong><br \/>Kari Korvanen, kari.korvanen(at)sodik.fi, +358 4o o97 o13o<strong><span style=\"color: #ff0000;\"><\/span><span style=\"color: #ff0000;\"><\/span><\/strong><\/p>\n<\/blockquote>\n\n\n\n<div style=\"height:40px\" aria-hidden=\"true\" class=\"wp-block-spacer\"><\/div>\n\n\n\n<h2 class=\"wp-block-heading\"><strong>Lentopaikka \u2013 Aerodrome EFSO<\/strong><\/h2>\n\n\n\n<p>Lentopaikan pit\u00e4j\u00e4 \u2013 Aerodrome operator:<br \/>Sodankyl\u00e4n kunta \/ Sodankyl\u00e4 Municipality<br \/>+358 40 163 9845<\/p>\n\n\n\n<p>Lentopaikan p\u00e4\u00e4llikk\u00f6 &#8211; Head of the airport:<br \/>Jani Kiemunki   <br \/>jani.kiemunki(at)sodankyla.fi, +358 40 039 6735 <\/p>\n\n\n\n<div style=\"height:10px\" aria-hidden=\"true\" class=\"wp-block-spacer\"><\/div>\n\n\n\n<h3 class=\"wp-block-heading\"><strong>Maahuolintapalvelut ja Ifr ppr -pyynn\u00f6t \/ Cround handling services and ifr ppr requests<\/strong><\/h3>\n\n\n\n<p><a href=\"https:\/\/www.sodairport.fi\/\" target=\"_blank\" rel=\"noreferrer noopener\">ATS Oy<\/a><br \/>infosodats(at)gmail.com, +358 40 097 0130  <\/p>\n\n\n\n<div style=\"height:15px\" aria-hidden=\"true\" class=\"wp-block-spacer\"><\/div>\n\n\n\n<div class=\"wp-block-group is-layout-constrained wp-block-group-is-layout-constrained\"><div class=\"wp-block-group__inner-container\">\n<h3 class=\"wp-block-heading\"><strong>Polttoainepalvelut \u2013 Refuel services:<\/strong><\/h3>\n\n\n\n<p>JET A-1<br \/>Heliflite Oy, Kari Korvanen, +358 40 097 0130<\/p>\n\n\n\n<p>AVGAS&nbsp;100LL<br \/>Kanair Malmi Oy, korttiautomaatti, +358 40 543 0765<\/p>\n\n\n\n<figure class=\"wp-block-image size-large\"><a href=\"https:\/\/sodik.fi\/wp-content\/uploads\/2013\/04\/EFSO_ilmasta.jpg\"><img loading=\"lazy\" decoding=\"async\" width=\"837\" height=\"1024\" src=\"https:\/\/sodik.fi\/wp-content\/uploads\/2013\/04\/EFSO_ilmasta-837x1024.jpg\" alt=\"\" class=\"wp-image-992\" srcset=\"https:\/\/sodik.fi\/wp-content\/uploads\/2013\/04\/EFSO_ilmasta-837x1024.jpg 837w, https:\/\/sodik.fi\/wp-content\/uploads\/2013\/04\/EFSO_ilmasta-245x300.jpg 245w, https:\/\/sodik.fi\/wp-content\/uploads\/2013\/04\/EFSO_ilmasta.jpg 1675w\" sizes=\"(max-width: 837px) 100vw, 837px\" \/><\/a><figcaption class=\"wp-element-caption\">EFSO 16\/34<\/figcaption><\/figure>\n<\/div><\/div>\n\n\n\n<div style=\"height:40px\" aria-hidden=\"true\" class=\"wp-block-spacer\"><\/div>\n","protected":false},"excerpt":{"rendered":"<p>J\u00e4seneksi hakeminen &#8211; Membership application Voit l\u00e4hett\u00e4\u00e4 s\u00e4hk\u00f6postia osoitteella sihteeri(at)sodik.fi. Ilmoita samalla halukkuudestasi liitty\u00e4 Suomen ilmailuliiton j\u00e4seneksi. You can send an email to the address sihteeri(at)sodik.fi. Please also indicate your interest in joining Finnish Aeronautical Association. Ilmailukerhon yhteystiedot &#8211; Contact &hellip; <a href=\"https:\/\/sodik.fi\/?page_id=1122\">Lue loppuun <span class=\"meta-nav\">&rarr;<\/span><\/a><\/p>\n","protected":false},"author":1,"featured_media":0,"parent":0,"menu_order":3,"comment_status":"closed","ping_status":"closed","template":"","meta":{"footnotes":""},"publishpress_future_action":{"enabled":false,"date":"2026-05-20 18:46:43","action":"draft","terms":[],"taxonomy":""},"_links":{"self":[{"href":"https:\/\/sodik.fi\/index.php?rest_route=\/wp\/v2\/pages\/1122"}],"collection":[{"href":"https:\/\/sodik.fi\/index.php?rest_route=\/wp\/v2\/pages"}],"about":[{"href":"https:\/\/sodik.fi\/index.php?rest_route=\/wp\/v2\/types\/page"}],"author":[{"embeddable":true,"href":"https:\/\/sodik.fi\/index.php?rest_route=\/wp\/v2\/users\/1"}],"replies":[{"embeddable":true,"href":"https:\/\/sodik.fi\/index.php?rest_route=%2Fwp%2Fv2%2Fcomments&post=1122"}],"version-history":[{"count":56,"href":"https:\/\/sodik.fi\/index.php?rest_route=\/wp\/v2\/pages\/1122\/revisions"}],"predecessor-version":[{"id":9155,"href":"https:\/\/sodik.fi\/index.php?rest_route=\/wp\/v2\/pages\/1122\/revisions\/9155"}],"wp:attachment":[{"href":"https:\/\/sodik.fi\/index.php?rest_route=%2Fwp%2Fv2%2Fmedia&parent=1122"}],"curies":[{"name":"wp","href":"https:\/\/api.w.org\/{rel}","templated":true}]}}