{"id":134,"date":"2013-03-15T11:50:25","date_gmt":"2013-03-15T09:50:25","guid":{"rendered":"http:\/\/sodik.fi\/?page_id=134"},"modified":"2017-02-14T13:40:48","modified_gmt":"2017-02-14T11:40:48","slug":"purjelentokoulutus","status":"publish","type":"page","link":"https:\/\/sodik.fi\/?page_id=134","title":{"rendered":"Peruskoulutus"},"content":{"rendered":"<h2>Tervetuloa purjelent\u00e4j\u00e4ksi\u00a0!<\/h2>\n<p><strong>TARJOAMME SINULLE:<\/strong><\/p>\n<ul>\n<li>Tutustumislennon jonka tarkoitusksena on\u00a0selvitt\u00e4\u00e4:\u00a0<span style=\"color: #339966;\">\u00a0<span style=\"color: #000000;\">MIT\u00c4 PURJELENTO ON?<\/span><\/span><\/li>\n<li>Purjelennon peruskoulutuksen sis\u00e4lt\u00e4en teoriakoulutuksen.<\/li>\n<\/ul>\n<p>JATKOKOULUTUTUSTA:<\/p>\n<ul>\n<li>Pilvilennon mittarilentokurssi (CF)<\/li>\n<li>Matkalento- ja maastolaskukoulutus<\/li>\n<li>Niille jotka eiv\u00e4t ole lent\u00e4neet kalustollamme, j\u00e4rjest\u00e4mme tyyppikoulututusta.<\/li>\n<li>Sek\u00e4 kaikkea muuta hauskaa joka liittyy purjelentoon<\/li>\n<li>My\u00f6s palo- ja hinauslent\u00e4j\u00e4kulutusta mootorilent\u00e4jille<\/li>\n<\/ul>\n<h3><strong>Purjelennon lupakirjakurssille p\u00e4\u00e4syvaatimukset<\/strong>:<\/h3>\n<p>Kurssille p\u00e4\u00e4set samana vuonna jolloin t\u00e4yt\u00e4t 15 vuotta. Lupakirjan saat kun t\u00e4yt\u00e4t 16 vuotta. Terveydelliset vaatimukset ovat samat kuin ajokorttia varten. Esteen\u00e4 ovat sellaiset sairaudet jotka voivat aiheuttaa esimerkiksi py\u00f6rtymist\u00e4 tai vastaavaa toimintakyvytt\u00f6myytt\u00e4 (diapetes, epilepsia).<\/p>\n<h3>LENT\u00c4MISEN UNELMA ON PURJELENTO:<\/h3>\n<p>Tule mukaan harrastukseen joka antaa sinulle voimaa tulla toimeen yksin\u00e4\u00e4n. Ei luonnon voimia voittamaan vaan pyrki\u00e4 tasapainoon ja saada omat siivet kantamaan. -&gt;Vaikka mustan pilven helmassa.. \ud83d\ude42<\/p>\n<h3><strong>KOULUTUS:<\/strong><\/h3>\n<p>Lupakirjaan t\u00e4ht\u00e4\u00e4v\u00e4 koulutus voidaan joustavasti jakaa useampaan osaan siten, ett\u00e4 sinulle saadaan juuri aikatauluihisi sopiva\u00a0koulutuskokonaisuus, esimerkiksi seuraavasti:<\/p>\n<p><strong>Purjelentokoulutuksen osiot<\/strong>:<\/p>\n<ol>\n<li><strong>Aloitusvaihe (moduuli 1)<\/strong>, sis\u00e4lt\u00e4\u00e4 lennot 1-15. Aloituskurssilla p\u00e4\u00e4set ohjaamaan opettajan kanssa purjekonetta, saat kunnon purjelentoel\u00e4myksen ja varsin kattavan k\u00e4sityksen purjelent\u00e4misest\u00e4. Aloituskurssia varten et tarvitse l\u00e4\u00e4ketieteellist\u00e4 kelpoisuustodistusta (medikaalia).<br \/>\nKurssimoduulin hinta 900 \u20ac.<\/li>\n<li><strong>Yksinlentovaihe<\/strong><strong> (moduuli 2),<\/strong> \u00a0sis\u00e4lt\u00e4\u00e4 lennot 16-30. Yksinlentokurssilla hiotaan lis\u00e4\u00e4 lennon ja varsinkin laskeutumisen teknist\u00e4 suorittamista. T\u00e4m\u00e4n osan j\u00e4lkeen saatat olla jo varsin l\u00e4hell\u00e4 yksinlennoilta vaadittavaa osaamis- ja suoritustasoa. My\u00f6sk\u00e4\u00e4n t\u00e4m\u00e4n osan suorittamiseen ei vaadita medikaalia, sill\u00e4 kaikki lennot lennet\u00e4\u00e4n opettajan kanssa.<br \/>\nKurssimoduulin hinta 900 \u20ac.<\/li>\n<li><strong>Lupakirjavaihe (\u00a0moduuli 3),\u00a0<\/strong>sis\u00e4lt\u00e4\u00e4 lennot 31-50. Lupakirjakurssi t\u00e4ht\u00e4\u00e4 purjelent\u00e4j\u00e4n lupakirjan saavuttamiseen eli oppilas lent\u00e4\u00e4 vaadittavat yksinlennot ja lupakirjaan vaadittavan lentokokeen tarkastuslent\u00e4j\u00e4n kanssa. Yksinlentoja varten vaaditaan oppilaslupakirja ja medikaali ( l\u00e4\u00e4k\u00e4rintarkastuksessa t\u00e4ytyy k\u00e4yd\u00e4 hyviss\u00e4 ajoin ennen t\u00e4m\u00e4n osan aloittamista).<br \/>\nKurssimoduulin hinta 800 \u20ac.<\/li>\n<\/ol>\n<p>Suosittelemme\u00a0purjelent\u00e4j\u00e4n lupakirjan\u00a0lent\u00e4mist\u00e4 yhten\u00e4 kokonaisuutena ja mahdollisimman intensiivisen\u00e4 jo ensimm\u00e4isen kes\u00e4n aikana ja tavoitteena &#8220;tuoreen&#8221; uuden lupakirjan saaminen.<\/p>\n<p>Voit tutustua kerhossamme noudatettavaan koulutusohjelmaan:<br \/>\n<a href=\"http:\/\/www.ilmailuliitto.fi\/easydata\/customers\/ilmailuliitto\/files\/purjelento\/PT\/Koulutus_ja_turvallisuus\/2012-05-15_sil-gpl-koulutusohjelma-2012_trafi_hyvaksyma_2012-05-22_pdf.pdf\" target=\"_blank\"><span style=\"text-decoration: underline;\">Koulutusohjelma Purjelent\u00e4j\u00e4n Lupakirjaa varten<\/span><\/a>.<\/p>\n<p><strong>Teoriakoulutus:<\/strong><\/p>\n<ul>\n<li>Perinteiseen tapaan jolloin teoriakoulutus etenee lentokoulutuksen rinnalla<\/li>\n<li>Verkkokurssina netiss\u00e4\u00a0esimerkiksi Suomen UrheiluIlmailuopisto<a href=\"http:\/\/www.urheiluilmailuopisto.fi\/purjelennon_teoriakurssi.htm\"> SUIO<\/a><\/li>\n<\/ul>\n<p><strong>Jatkokoulutus<\/strong><\/p>\n<ol>\n<li>Mittarilentokurssi, joka on jo kokemusta omaavan purjelent\u00e4j\u00e4n taitojen kartuttamista pilvilentoa varten.<\/li>\n<li>Matkalentokurssi, joka antaa valmiudet matkalentojen ja maastolaskujen\u00a0suorittamiseen.<\/li>\n<li>\u00a0J\u00e4rjest\u00e4mme tyyppikoulututusta.<\/li>\n<li>Tukea ja turvaa,\u00a0hyvi\u00e4 yst\u00e4vi\u00e4, toveripiiri\u00e4<\/li>\n<\/ol>\n<p>Mik\u00e4li olet kiinnostunut purjelent\u00e4misest\u00e4, niin ota yhteytt\u00e4 alla mainittuihin henkil\u00f6ihin.<\/p>\n<p><strong><br \/>\nYhteystiedot:<\/strong><\/p>\n<p><em>Lennonopettaja:<br \/>\n<span style=\"color: #0000ff;\">\u00a0\u00a0\u00a0\u00a0\u00a0\u00a0\u00a0 <\/span><\/em><span style=\"color: #000000;\">sauli.salmela(at)sodik.fi,\u00a0\u00a0 puh. 040 543 0765 <\/span><\/p>\n<p><em>\u00a0Koulutusp\u00e4\u00e4llikk\u00f6, Lennonopettaja:<br \/>\n<\/em><span style=\"color: #0000ff;\"><br \/>\n<\/span><\/p>\n<p><span style=\"color: #666699;\"><strong>Tule mukaan purjelent\u00e4jien iloiseen joukkoon!<\/strong><\/span><\/p>\n<p><span style=\"color: #3366ff;\"><strong><a href=\"http:\/\/sodik.fi\/?page_id=134\" target=\"_blank\">Sodankyl\u00e4n Ilmailukerho Ry<\/a>\u00a0 \ud83d\ude42<\/strong><\/span><\/p>\n<p>&nbsp;<\/p>\n","protected":false},"excerpt":{"rendered":"<p>Tervetuloa purjelent\u00e4j\u00e4ksi\u00a0! TARJOAMME SINULLE: Tutustumislennon jonka tarkoitusksena on\u00a0selvitt\u00e4\u00e4:\u00a0\u00a0MIT\u00c4 PURJELENTO ON? Purjelennon peruskoulutuksen sis\u00e4lt\u00e4en teoriakoulutuksen. JATKOKOULUTUTUSTA: Pilvilennon mittarilentokurssi (CF) Matkalento- ja maastolaskukoulutus Niille jotka eiv\u00e4t ole lent\u00e4neet kalustollamme, j\u00e4rjest\u00e4mme tyyppikoulututusta. Sek\u00e4 kaikkea muuta hauskaa joka liittyy purjelentoon My\u00f6s palo- ja hinauslent\u00e4j\u00e4kulutusta &hellip; <a href=\"https:\/\/sodik.fi\/?page_id=134\">Lue loppuun <span class=\"meta-nav\">&rarr;<\/span><\/a><\/p>\n","protected":false},"author":1,"featured_media":0,"parent":132,"menu_order":2,"comment_status":"closed","ping_status":"closed","template":"","meta":{"footnotes":""},"publishpress_future_action":{"enabled":false,"date":"2026-04-23 15:32:00","action":"draft","terms":[],"taxonomy":""},"_links":{"self":[{"href":"https:\/\/sodik.fi\/index.php?rest_route=\/wp\/v2\/pages\/134"}],"collection":[{"href":"https:\/\/sodik.fi\/index.php?rest_route=\/wp\/v2\/pages"}],"about":[{"href":"https:\/\/sodik.fi\/index.php?rest_route=\/wp\/v2\/types\/page"}],"author":[{"embeddable":true,"href":"https:\/\/sodik.fi\/index.php?rest_route=\/wp\/v2\/users\/1"}],"replies":[{"embeddable":true,"href":"https:\/\/sodik.fi\/index.php?rest_route=%2Fwp%2Fv2%2Fcomments&post=134"}],"version-history":[{"count":2,"href":"https:\/\/sodik.fi\/index.php?rest_route=\/wp\/v2\/pages\/134\/revisions"}],"predecessor-version":[{"id":7808,"href":"https:\/\/sodik.fi\/index.php?rest_route=\/wp\/v2\/pages\/134\/revisions\/7808"}],"up":[{"embeddable":true,"href":"https:\/\/sodik.fi\/index.php?rest_route=\/wp\/v2\/pages\/132"}],"wp:attachment":[{"href":"https:\/\/sodik.fi\/index.php?rest_route=%2Fwp%2Fv2%2Fmedia&parent=134"}],"curies":[{"name":"wp","href":"https:\/\/api.w.org\/{rel}","templated":true}]}}