{"id":2043,"date":"2013-08-03T19:45:17","date_gmt":"2013-08-03T16:45:17","guid":{"rendered":"http:\/\/sodik.fi\/?page_id=2043"},"modified":"2014-05-16T11:56:54","modified_gmt":"2014-05-16T08:56:54","slug":"tallennetut-lennot","status":"publish","type":"page","link":"https:\/\/sodik.fi\/?page_id=2043","title":{"rendered":"Tallennetut lennot 2013"},"content":{"rendered":"<h2>Palvelimet:<\/h2>\n<ul>\n<li>1)\u00a0\u00a0 <a href=\"http:\/\/services.xample.ch\">http:\/\/services.xample.ch<\/a>\u00a0\u00a0\u00a0\u00a0\u00a0\u00a0\u00a0\u00a0\u00a0 <strong>Air Navigation Pro<\/strong> \/palolennot<br \/>\n<strong>\u00a0\u00a0\u00a0\u00a0\u00a0 Rekister\u00f6ityneet k\u00e4ytt\u00e4j\u00e4t<\/strong>:\u00a0\u00a0\u00a0\u00a0 \u00a0jouko, Markkuk, matiaslaakso,\u00a0tarmo, tala<\/li>\n<li>2)\u00a0\u00a0 <a href=\"http:\/\/www.livetrack24.com\/\">http:\/\/www.livetrack24.com<\/a>\u00a0\u00a0\u00a0\u00a0\u00a0\u00a0 <strong>XCSoar<\/strong> \/purjelennot<br \/>\n<strong>\u00a0\u00a0\u00a0\u00a0\u00a0\u00a0Rekister\u00f6ityneet k\u00e4ytt\u00e4j\u00e4t:\u00a0\u00a0\u00a0\u00a0\u00a0 <\/strong>matias, seppo, tarmo, tala, heikki, ilari<\/li>\n<\/ul>\n<p>Alla olevista\u00a0painikkeista suoraan lent\u00e4j\u00e4n\u00a0viimeksi palvelimelle\u00a0tallennettuun datatietoon. Linkin vilkkuessa\u00a0&#8211; lento &#8220;is live&#8221;, kyseinen henkil\u00f6 on\u00a0juuri lent\u00e4m\u00e4ss\u00e4 \u00a0ja voit\u00a0seurata lentoa reaaliajassa. Muutoin linkki vie viimeksi tallennettuun lentoon.<\/p>\n<table style=\"width: 500px; height: 70px;\">\n<tbody>\n<tr>\n<td><iframe loading=\"lazy\" src=\"http:\/\/www.livetrack24.com\/status.php?user=tarmo\" width=\"150\" height=\"20\" frameborder=\"0\" scrolling=\"no\"><\/iframe><\/td>\n<td><iframe loading=\"lazy\" src=\"http:\/\/www.livetrack24.com\/status.php?user=tala\" width=\"150\" height=\"20\" frameborder=\"0\" scrolling=\"no\"><\/iframe><\/td>\n<td><iframe loading=\"lazy\" src=\"http:\/\/www.livetrack24.com\/status.php?user=seppo\" width=\"150\" height=\"20\" frameborder=\"0\" scrolling=\"no\"><\/iframe><\/td>\n<\/tr>\n<tr>\n<td><iframe loading=\"lazy\" src=\"http:\/\/www.livetrack24.com\/status.php?user=matias\" width=\"150\" height=\"20\" frameborder=\"0\" scrolling=\"no\"><\/iframe><\/td>\n<td><iframe loading=\"lazy\" src=\"http:\/\/www.livetrack24.com\/status.php?user=heikki\" width=\"150\" height=\"20\" frameborder=\"0\" scrolling=\"no\"><\/iframe><\/td>\n<td><iframe loading=\"lazy\" src=\"http:\/\/www.livetrack24.com\/status.php?user=ilari\" width=\"150\" height=\"20\" frameborder=\"0\" scrolling=\"no\"><\/iframe><\/td>\n<\/tr>\n<\/tbody>\n<\/table>\n<h2><\/h2>\n<h2><\/h2>\n<h2>Tallennetut lennot:<\/h2>\n<p>Viimeinen lennetty lento\u00a0on ylimm\u00e4isen\u00e4.\u00a0=&gt;\u00a0\u00a0GPX-tiedostot l\u00f6ytv\u00e4t my\u00f6s pilvipankista.<\/p>\n<p><strong>HARJOITUS<\/strong>\u00a0\u00a0\u00a0\u00a0\u00a0\u00a0\u00a0\u00a0\u00a0\u00a0\u00a0Seppo\u00a0\u00a0\u00a0\u00a0\u00a0\u00a0\u00a0\u00a0\u00a024.8-2013\u00a0\u00a0\u00a0\u00a0\u00a0\u00a0\u00a0\u00a0 EFSO\u00a0\u00a014.31\u00a0\u00a0\u00a0\u00a0\u00a0\u00a0\u00a0 EFSO\u00a0 15.17\u00a0\u00a0\u00a0\u00a0\u00a0\u00a0 OH-839<br \/>\n<strong>HARJOITUS<\/strong>\u00a0\u00a0\u00a0\u00a0\u00a0\u00a0\u00a0\u00a0\u00a0\u00a0 Markku\u00a0\u00a0\u00a0\u00a0\u00a0\u00a0 24.8-2013\u00a0\u00a0\u00a0\u00a0\u00a0\u00a0\u00a0\u00a0 EFSO\u00a0 15.26\u00a0\u00a0\u00a0\u00a0\u00a0\u00a0 \u00a0EFSO\u00a0\u00a017.27\u00a0\u00a0\u00a0\u00a0\u00a0\u00a0\u00a0OH-839<\/p>\n<p>[sgpx gpx=&#8221;http:\/\/sodik.fi\/wp-content\/uploads\/gpx\/SEPPO 2013-08-24 14-31-07.gpx&#8221;]<\/p>\n<p><span style=\"color: #0000ff;\"><strong>HUOM<\/strong><\/span>: Yll\u00e4 kaksi lentoa<\/p>\n<p>&nbsp;<\/p>\n<p><strong>HARJOITUS<\/strong>\u00a0\u00a0\u00a0\u00a0\u00a0\u00a0\u00a0\u00a0\u00a0\u00a0\u00a0Markku\u00a0\u00a0\u00a0\u00a0\u00a0\u00a0\u00a013.8-2013\u00a0\u00a0\u00a0\u00a0\u00a0\u00a0\u00a0\u00a0\u00a0 EFSO 13.11\u00a0\u00a0\u00a0\u00a0\u00a0\u00a0\u00a0\u00a0\u00a0\u00a0 EFSO 16.12\u00a0\u00a0\u00a0\u00a0\u00a0\u00a0\u00a0\u00a0 OH-1009<\/p>\n<p>[sgpx gpx=&#8221;http:\/\/sodik.fi\/wp-content\/uploads\/gpx\/TARMO 2013-08-13 13-11-26.gpx&#8221;]<\/p>\n<p>&nbsp;<\/p>\n<p><strong>HARJOITUS<\/strong>\u00a0\u00a0\u00a0\u00a0\u00a0\u00a0\u00a0\u00a0\u00a0\u00a0\u00a0\u00a0Sauli\u00a0\u00a0\u00a0\u00a0\u00a0\u00a0\u00a0\u00a0\u00a0\u00a0\u00a013.8 -2013\u00a0\u00a0\u00a0\u00a0\u00a0\u00a0\u00a0\u00a0\u00a0 EFSO\u00a0 14.04\u00a0\u00a0\u00a0\u00a0\u00a0\u00a0\u00a0 EFSO\u00a0 16.17\u00a0\u00a0\u00a0\u00a0\u00a0\u00a0\u00a0\u00a0 OH-463<\/p>\n<p>[sgpx gpx=&#8221;http:\/\/sodik.fi\/wp-content\/uploads\/gpx\/Sal\u00e8n OH-463 2013-08-13.gpx&#8221;]<\/p>\n<p>&nbsp;<\/p>\n<p><strong>HC-matkalento<\/strong>\u00a0\u00a0\u00a0\u00a0 Markku\u00a0\u00a0\u00a0\u00a0\u00a0\u00a0 11.8-2013\u00a0\u00a0\u00a0\u00a0\u00a0\u00a0\u00a0\u00a0\u00a0 EFSO 12.35\u00a0\u00a0\u00a0\u00a0\u00a0\u00a0\u00a0\u00a0 JAVARUS 15.45\u00a0\u00a0\u00a0\u00a0\u00a0\u00a0\u00a0\u00a0\u00a0 OH-839 <strong>Lento on kahdessa osassa<\/strong>:\u00a0\u00a0\u00a0 1) EFSO l\u00e4hialueella\u00a0\u00a0\u00a0\u00a0\u00a0\u00a0\u00a0 2) Matkalento-osuus<\/p>\n<p>[sgpx gpx=&#8221;http:\/\/sodik.fi\/wp-content\/uploads\/gpx\/TARMO 2013-08-11 12-35-19.gpx&#8221;] [sgpx gpx=&#8221;http:\/\/sodik.fi\/wp-content\/uploads\/gpx\/TARMO 2013-08-11 12-37-51.gpx&#8221;]<\/p>\n<p><strong>Markun kertomus lennosta:<\/strong><\/p>\n<pre>11.8.2013 tavoitteena lent\u00e4\u00e4 HC matka. Konkareiden Tarmon ja Saulin kanssa\r\nsuunnittelua Kittil\u00e4\u00e4n vai Kemij\u00e4rvelle? Siis pilven alle odottelemaan. Pohjat 1100\r\n- 1200m.\r\nNoin tunnin kuluttua Tarmon \u00e4\u00e4ni jaksolla:\"Kemij\u00e4rvi  mahdollinen\"! Juniorin nokka\r\nkohti Luostoa. Yli tuhannessa metriss\u00e4 aina Noitatunturille asti ja siell\u00e4 valinnan\r\neteen, Kemijokivarteen vai Javaruksen kautta? Molempiin suuntiin isoa aukkoa.\r\nMaastolaskupaikkoja paremmin Javaruksessa ja sivuvastainenkin siihen suuntaan\r\nheikompaa.\r\nMutta niinh\u00e4n siin\u00e4 sitten k\u00e4vi, ett\u00e4 pitk\u00e4n liu`un ja laskun p\u00e4\u00e4tteksi k\u00e4ttelin\r\npellonomistaja Voitto Suopankia ja serkkuaan Reijoa \"Tervetoloa meid\u00e4n pellolle\r\nJavarukseen!\"\r\nVaikka p\u00e4\u00e4m\u00e4\u00e4r\u00e4 j\u00e4i saavuttamatta, tavoite kuitenkin t\u00e4yttyi, yhden hyv\u00e4n noston ja\r\nn 20 km:n p\u00e4\u00e4h\u00e4n j\u00e4i EFKJ.\r\nKiit\u00e4n Tarmoa, Joukoa ja Saulia yhteisty\u00f6st\u00e4 ja kannustuksesta, n\u00e4hd\u00e4\u00e4n\r\nHC-p\u00e4iv\u00e4llisell\u00e4 P\u00e4ivin Kammarissa!<\/pre>\n<p>&nbsp;<\/p>\n<p><strong>HAR-matkalento<\/strong>\u00a0\u00a0\u00a0\u00a0\u00a0\u00a0\u00a0 Sale\u00a0\u00a0\u00a0\u00a0\u00a0\u00a0\u00a0\u00a0\u00a0\u00a0 11.8-2013\u00a0\u00a0\u00a0\u00a0\u00a0\u00a0\u00a0\u00a0\u00a0 EFSO 14.05\u00a0\u00a0\u00a0\u00a0\u00a0\u00a0\u00a0\u00a0\u00a0\u00a0 EFSO\u00a0 16.02\u00a0\u00a0\u00a0\u00a0\u00a0\u00a0\u00a0\u00a0\u00a0\u00a0\u00a0\u00a0 OH-436<\/p>\n<p>[sgpx gpx=&#8221;http:\/\/sodik.fi\/wp-content\/uploads\/gpx\/Sal\u00e8n OH-463 2013-08-11.gpx&#8221;]<\/p>\n<p><strong>Saulin kertomus lennosta:\u00a0<\/strong><\/p>\n<p>&nbsp;<\/p>\n<p><strong>HARJOITUS<\/strong>\u00a0\u00a0\u00a0\u00a0\u00a0\u00a0\u00a0\u00a0\u00a0\u00a0\u00a0Tarmo\u00a0\u00a0\u00a0\u00a0\u00a0\u00a0\u00a0\u00a0 11.8-2013\u00a0\u00a0\u00a0\u00a0\u00a0\u00a0\u00a0\u00a0\u00a0\u00a0\u00a0\u00a0 EFSO\u00a0 13.47\u00a0\u00a0\u00a0\u00a0\u00a0\u00a0\u00a0\u00a0 EFSO 14.37\u00a0\u00a0\u00a0\u00a0\u00a0\u00a0\u00a0 OH-1009<\/p>\n<p>[sgpx gpx=&#8221;http:\/\/sodik.fi\/wp-content\/uploads\/gpx\/TALA 2013-08-11 13-47-32.gpx&#8221;]<\/p>\n<p>&nbsp;<\/p>\n<p><strong>HARJOITUS<\/strong>\u00a0\u00a0\u00a0\u00a0\u00a0\u00a0\u00a0\u00a0\u00a0\u00a0\u00a0Ilari\u00a0\u00a0\u00a0\u00a0\u00a0\u00a0\u00a0\u00a0\u00a0\u00a0\u00a0\u00a0\u00a0 11.8-2013\u00a0\u00a0\u00a0\u00a0\u00a0\u00a0\u00a0\u00a0\u00a0\u00a0\u00a0\u00a0 EFSO\u00a0 15.05\u00a0\u00a0\u00a0\u00a0\u00a0\u00a0\u00a0\u00a0 EFSO 15.43\u00a0\u00a0\u00a0\u00a0\u00a0\u00a0 OH-1009<\/p>\n<p>[sgpx gpx=&#8221;http:\/\/sodik.fi\/wp-content\/uploads\/gpx\/TALA 2013-08-11 15-05-14.gpx&#8221;]<\/p>\n<p>&nbsp;<\/p>\n<p><strong>HARJOITUS<\/strong>\u00a0\u00a0\u00a0\u00a0\u00a0\u00a0\u00a0\u00a0\u00a0\u00a0 Sauli\u00a0\u00a0\u00a0\u00a0\u00a0\u00a0\u00a0\u00a0\u00a0\u00a0\u00a0\u00a0\u00a0\u00a0\u00a0\u00a0\u00a0 10.8-2013\u00a0\u00a0\u00a0\u00a0\u00a0\u00a0\u00a0\u00a0\u00a0 EFSO\u00a0 15.30\u00a0\u00a0\u00a0\u00a0\u00a0\u00a0\u00a0\u00a0\u00a0\u00a0\u00a0 EFSO\u00a0 16.02\u00a0\u00a0\u00a0\u00a0\u00a0\u00a0\u00a0\u00a0\u00a0 OH-839<br \/>\n<strong> 2 lentoa, <\/strong> toisella kolmiolento EFSO-Vaalaj\u00e4rvi-Sattanen-EFSO<\/p>\n<p>[sgpx gpx=&#8221;http:\/\/sodik.fi\/wp-content\/uploads\/gpx\/TARMO 2013-08-10 15-30-34.gpx&#8221;]<\/p>\n<p>&nbsp;<\/p>\n<p><strong>Vieraana\u00a0 Pentti\u00a0 Sel\u00e4np\u00e4\u00e4st\u00e4<\/strong> \/EFSE \/<strong>osa_1<\/strong>\u00a0\u00a0\u00a06.8\u00a0-2013\u00a0 \u00a0EFSO\u00a0\u00a014.35\u00a0\u00a0\u00a0\u00a0EFSO\u00a015.31\u00a0\u00a0\u00a0\u00a0 OH-1009<\/p>\n<p>[sgpx gpx=&#8221;http:\/\/sodik.fi\/wp-content\/uploads\/gpx\/TARMO 2013-08-06 14-33-41.gpx&#8221;]<\/p>\n<p>&nbsp;<\/p>\n<p><strong>Vieraana\u00a0 Pentti\u00a0 Sel\u00e4np\u00e4\u00e4st\u00e4<\/strong> \/EFSE \/<strong>osa_2\u00a0<\/strong>\u00a0\u00a06.8 -2013\u00a0\u00a0\u00a0EFSO\u00a0 14.35\u00a0\u00a0\u00a0\u00a0EFSO 15.31\u00a0\u00a0\u00a0\u00a0 OH-1009<\/p>\n<p>[sgpx gpx=&#8221;http:\/\/sodik.fi\/wp-content\/uploads\/gpx\/TARMO 2013-08-06 13-03-02.gpx&#8221;]<\/p>\n<p>&nbsp;<\/p>\n<p><strong>HARJOITUS<\/strong>\u00a0\u00a0\u00a0\u00a0\u00a0\u00a0\u00a0\u00a0\u00a0\u00a0\u00a0\u00a0\u00a0 Seppo\u00a0\u00a0\u00a0\u00a0\u00a0\u00a0\u00a0\u00a0\u00a0\u00a0\u00a0\u00a0 03.08-2013\u00a0\u00a0\u00a0\u00a0\u00a0\u00a0\u00a0\u00a0 EFSO\u00a0 15.41\u00a0\u00a0\u00a0\u00a0\u00a0\u00a0\u00a0 EFSO\u00a0 16.27\u00a0\u00a0\u00a0\u00a0\u00a0\u00a0 OH-839<\/p>\n<p>[sgpx\u00a0 gpx=&#8221;http:\/\/sodik.fi\/wp-content\/uploads\/gpx\/SEPPO 2013-08-03 14-41-42.gpx&#8221;]<\/p>\n<p>&nbsp;<\/p>\n<p><strong>POLTTARILENTO<\/strong>\u00a0\u00a0\u00a0\u00a0\u00a0\u00a0\u00a0\u00a0 Sale\u00a0\u00a0\u00a0\u00a0\u00a0\u00a0\u00a0\u00a0\u00a0 03.08-2013\u00a0\u00a0\u00a0\u00a0\u00a0\u00a0\u00a0\u00a0 EFSO\u00a0 11.34\u00a0\u00a0\u00a0\u00a0\u00a0\u00a0\u00a0 EFSO\u00a0 11.52\u00a0\u00a0\u00a0\u00a0\u00a0\u00a0 OH-1009<\/p>\n<p>[sgpx gpx=&#8221;http:\/\/sodik.fi\/wp-content\/uploads\/gpx\/TARMO 2013-08-03 11-34-59.gpx&#8221;]<\/p>\n<p>&nbsp;<\/p>\n<p>&nbsp;<\/p>\n<p>HARJOITUS\u00a0\u00a0\u00a0\u00a0\u00a0\u00a0\u00a0\u00a0\u00a0\u00a0\u00a0\u00a0\u00a0\u00a0\u00a0\u00a0\u00a0\u00a0\u00a0\u00a0\u00a0\u00a0\u00a0\u00a0\u00a0\u00a0\u00a0\u00a0\u00a0\u00a0\u00a0\u00a0\u00a0\u00a0\u00a0\u00a0\u00a0\u00a0\u00a0\u00a0\u00a0\u00a0\u00a0\u00a0\u00a0\u00a0\u00a0 -2013\u00a0\u00a0\u00a0\u00a0\u00a0\u00a0\u00a0\u00a0\u00a0 EFSO\u00a0\u00a0\u00a0\u00a0\u00a0\u00a0\u00a0\u00a0\u00a0\u00a0\u00a0\u00a0\u00a0\u00a0\u00a0\u00a0\u00a0\u00a0\u00a0 EFSO\u00a0\u00a0\u00a0\u00a0\u00a0\u00a0\u00a0\u00a0\u00a0\u00a0\u00a0\u00a0\u00a0\u00a0\u00a0\u00a0\u00a0\u00a0 OH-<\/p>\n<p>&nbsp;<\/p>\n<p>HARJOITUS\u00a0\u00a0\u00a0\u00a0\u00a0\u00a0\u00a0\u00a0\u00a0\u00a0\u00a0\u00a0\u00a0\u00a0\u00a0\u00a0\u00a0\u00a0\u00a0\u00a0\u00a0\u00a0\u00a0\u00a0\u00a0\u00a0\u00a0\u00a0\u00a0\u00a0\u00a0\u00a0\u00a0\u00a0\u00a0\u00a0\u00a0\u00a0\u00a0\u00a0\u00a0\u00a0\u00a0\u00a0\u00a0\u00a0\u00a0 -2013\u00a0\u00a0\u00a0\u00a0\u00a0\u00a0\u00a0\u00a0\u00a0 EFSO\u00a0\u00a0\u00a0\u00a0\u00a0\u00a0\u00a0\u00a0\u00a0\u00a0\u00a0\u00a0\u00a0\u00a0\u00a0\u00a0\u00a0\u00a0\u00a0 EFSO\u00a0\u00a0\u00a0\u00a0\u00a0\u00a0\u00a0\u00a0\u00a0\u00a0\u00a0\u00a0\u00a0\u00a0\u00a0\u00a0\u00a0\u00a0 OH-<\/p>\n","protected":false},"excerpt":{"rendered":"<p>Palvelimet: 1)\u00a0\u00a0 http:\/\/services.xample.ch\u00a0\u00a0\u00a0\u00a0\u00a0\u00a0\u00a0\u00a0\u00a0 Air Navigation Pro \/palolennot \u00a0\u00a0\u00a0\u00a0\u00a0 Rekister\u00f6ityneet k\u00e4ytt\u00e4j\u00e4t:\u00a0\u00a0\u00a0\u00a0 \u00a0jouko, Markkuk, matiaslaakso,\u00a0tarmo, tala 2)\u00a0\u00a0 http:\/\/www.livetrack24.com\u00a0\u00a0\u00a0\u00a0\u00a0\u00a0 XCSoar \/purjelennot \u00a0\u00a0\u00a0\u00a0\u00a0\u00a0Rekister\u00f6ityneet k\u00e4ytt\u00e4j\u00e4t:\u00a0\u00a0\u00a0\u00a0\u00a0 matias, seppo, tarmo, tala, heikki, ilari Alla olevista\u00a0painikkeista suoraan lent\u00e4j\u00e4n\u00a0viimeksi palvelimelle\u00a0tallennettuun datatietoon. Linkin vilkkuessa\u00a0&#8211; lento &#8220;is live&#8221;, kyseinen henkil\u00f6 on\u00a0juuri &hellip; <a href=\"https:\/\/sodik.fi\/?page_id=2043\">Lue loppuun <span class=\"meta-nav\">&rarr;<\/span><\/a><\/p>\n","protected":false},"author":1,"featured_media":0,"parent":4565,"menu_order":3,"comment_status":"closed","ping_status":"closed","template":"","meta":{"footnotes":""},"publishpress_future_action":{"enabled":false,"date":"2026-04-23 23:24:52","action":"draft","terms":[],"taxonomy":""},"_links":{"self":[{"href":"https:\/\/sodik.fi\/index.php?rest_route=\/wp\/v2\/pages\/2043"}],"collection":[{"href":"https:\/\/sodik.fi\/index.php?rest_route=\/wp\/v2\/pages"}],"about":[{"href":"https:\/\/sodik.fi\/index.php?rest_route=\/wp\/v2\/types\/page"}],"author":[{"embeddable":true,"href":"https:\/\/sodik.fi\/index.php?rest_route=\/wp\/v2\/users\/1"}],"replies":[{"embeddable":true,"href":"https:\/\/sodik.fi\/index.php?rest_route=%2Fwp%2Fv2%2Fcomments&post=2043"}],"version-history":[{"count":2,"href":"https:\/\/sodik.fi\/index.php?rest_route=\/wp\/v2\/pages\/2043\/revisions"}],"predecessor-version":[{"id":5919,"href":"https:\/\/sodik.fi\/index.php?rest_route=\/wp\/v2\/pages\/2043\/revisions\/5919"}],"up":[{"embeddable":true,"href":"https:\/\/sodik.fi\/index.php?rest_route=\/wp\/v2\/pages\/4565"}],"wp:attachment":[{"href":"https:\/\/sodik.fi\/index.php?rest_route=%2Fwp%2Fv2%2Fmedia&parent=2043"}],"curies":[{"name":"wp","href":"https:\/\/api.w.org\/{rel}","templated":true}]}}