{"id":363,"date":"2013-03-18T13:16:56","date_gmt":"2013-03-18T11:16:56","guid":{"rendered":"http:\/\/sodik.fi\/?page_id=363"},"modified":"2024-02-27T18:43:18","modified_gmt":"2024-02-27T16:43:18","slug":"tule-mukaan-2","status":"publish","type":"page","link":"https:\/\/sodik.fi\/?page_id=363","title":{"rendered":"Lent\u00e4minen harrastuksena"},"content":{"rendered":"\n<figure class=\"wp-block-image size-large\"><a href=\"https:\/\/sodik.fi\/wp-content\/uploads\/2020\/05\/OllinEkat-2019-2.jpg\"><img loading=\"lazy\" decoding=\"async\" width=\"1024\" height=\"680\" src=\"https:\/\/sodik.fi\/wp-content\/uploads\/2020\/05\/OllinEkat-2019-2-1024x680.jpg\" alt=\"\" class=\"wp-image-8144\" srcset=\"https:\/\/sodik.fi\/wp-content\/uploads\/2020\/05\/OllinEkat-2019-2.jpg 1024w, https:\/\/sodik.fi\/wp-content\/uploads\/2020\/05\/OllinEkat-2019-2-300x199.jpg 300w, https:\/\/sodik.fi\/wp-content\/uploads\/2020\/05\/OllinEkat-2019-2-768x510.jpg 768w, https:\/\/sodik.fi\/wp-content\/uploads\/2020\/05\/OllinEkat-2019-2-452x300.jpg 452w, https:\/\/sodik.fi\/wp-content\/uploads\/2020\/05\/OllinEkat-2019-2-180x120.jpg 180w\" sizes=\"(max-width: 1024px) 100vw, 1024px\" \/><\/a><\/figure>\n\n\n\n<div style=\"height:40px\" aria-hidden=\"true\" class=\"wp-block-spacer\"><\/div>\n\n\n\n<p><strong>Vahvoja el\u00e4myksi\u00e4 -suuria kokemuksia<\/strong><\/p>\n\n\n\n<p>Ensimm\u00e4isen\u00e4 varmaankin tulee&nbsp;mieliin vapauden tunne. T\u00e4m\u00e4 onkin yksi vahvimmista harrasteilmailun puoleensavet\u00e4vist\u00e4 tekij\u00f6ist\u00e4. My\u00f6s mahdollisuus n\u00e4hd\u00e4 maailma hiukan uudesta, v\u00e4ljemm\u00e4st\u00e4 ja avoimemmasta&nbsp;n\u00e4k\u00f6kulmasta on toinen. Paljon&nbsp;muitakin tekij\u00f6it\u00e4, joita sittemmin kokemuksen ja taitojen kehittymisen my\u00f6t\u00e4 tulee lis\u00e4\u00e4.<\/p>\n\n\n\n<p>Monille pitemp\u00e4\u00e4n ilmailua harrastaneille tulee mieleen&nbsp;n\u00e4it\u00e4 koettuja \u2019kiksej\u00e4\u2019. Mik\u00e4 onkaan se mahtava tunne kun ensimm\u00e4isell\u00e4 yksinlennolla, tai ainakin sen j\u00e4lkeen kun ensij\u00e4nnitys on mennyt ohi, huomaat ett\u00e4;&nbsp; &nbsp;\u2019- min\u00e4h\u00e4n osaan &#8230;!\u2019 Tai my\u00f6hemmin kun joltain lentoleirill\u00e4 purjekoneella lennetylt\u00e4 pitk\u00e4lt\u00e4 matkalennolta, v\u00e4lill\u00e4&nbsp;vaikealtakin vaikuttaneelta,&nbsp;olet loppuliu\u2019ussa kotikent\u00e4lle n\u00e4et&nbsp;ja&nbsp;tied\u00e4t, ett\u00e4 korkeutesi riitt\u00e4\u00e4 perille. N\u00e4it\u00e4 kokemuksia, onnistumisen el\u00e4myksi\u00e4,&nbsp;joita&nbsp;monesti my\u00f6hemmin sitten illansuussa&nbsp;jaetaan&nbsp;toisten purjelent\u00e4jien kanssa&nbsp;joko saunan lauteilla tai leirinuotion \u00e4\u00e4rell\u00e4.<\/p>\n\n\n\n<p><strong>Riskit tiedostaen &#8211; turvallisuuteen panostaen<\/strong><\/p>\n\n\n\n<p>Useilla ns. maakravuilla on se harhak\u00e4sitys, ett\u00e4 ilmailu ja varsinkin lent\u00e4minen ilman moottoria on vaarallista. Ilmailu-urheilussa samoin kuin muissakin urheilutoiminnassa sattuu toki tapaturmia, -onnettomuuksiakin.&nbsp;T\u00e4m\u00e4n tiedostaen&nbsp;pyrkimys lentoturvallisuuteen ei ole yksin ilmailulajien edellytys, se on paremminkin n\u00e4iden suoranainen p\u00e4\u00e4m\u00e4\u00e4r\u00e4. T\u00e4m\u00e4n johdosta my\u00f6s harrasteilmailussa&nbsp;tullaan noudattamaan turvallisuusohjeita ja m\u00e4\u00e4r\u00e4yksi\u00e4 tinkim\u00e4tt\u00e4.&nbsp;Oikeaoppisella asennoitumisella n\u00e4iden noudattaminen ei tule olemaan vaikeaa. T\u00e4h\u00e4n p\u00e4\u00e4st\u00e4\u00e4n koulutuksen, opiskelun sek\u00e4&nbsp;toveri- ja itsekurin avulla.<\/p>\n\n\n\n<p>Ilmassa liikehtiminen vaatii rohkeutta, rohkeutta nousta yl\u00f6s totutuista arkip\u00e4iv\u00e4n kuvioista, mutta se vaatii my\u00f6s&nbsp;rohkeutta alistua vapaaehtoisesti kurinalaiseen toimintaan, kunnioittaen lentoturvallisuuden edellytyksi\u00e4. &nbsp;Harvassa urheilulajissa tuodaan t\u00e4m\u00e4 vaatimus yht\u00e4 selv\u00e4sti esille kuin ilmailussa, varsinkin sen perinteisiss\u00e4 lajeissa;&nbsp;purje- ja moottorilennossa sek\u00e4 laskuvarjourheilussa.<\/p>\n\n\n\n<p><strong>Kavereita, samanhenkist\u00e4 porukkaa, &#8211; kansainv\u00e4lisestikin.<\/strong><\/p>\n\n\n\n<p>Ilmailuharrastus on selke\u00e4sti kansainv\u00e4list\u00e4.. T\u00e4m\u00e4 osittain selittyy sill\u00e4. ett\u00e4 &#8216;pelis\u00e4\u00e4nn\u00f6t&#8217;, lentotoimintamenetelm\u00e4t, ovat aika pitk\u00e4lle samoja&nbsp;eri maanosissa,&nbsp;fysiikan laeista puhumattakaan.&nbsp;Koska harrasteilmailu on&nbsp;meill\u00e4 Suomessa p\u00e4\u00e4osin kerhotoimintamuotoista, eli &nbsp;kalusto on kerhoty\u00f6n\u00e4 yll\u00e4pidetty\u00e4,&nbsp;t\u00e4m\u00e4 edellytt\u00e4\u00e4 harrastajalta ns. kerhohenke\u00e4, eli&nbsp;yhteisty\u00f6kyky\u00e4 toisten ilmailuharrastajien kesken. Siirtymist\u00e4 min\u00e4keskeisyydest\u00e4 me -keskeisyyteen. Joustamista yhteisten tavoitteiden tarpeisiin. T\u00e4m\u00e4 tarjoaa &nbsp;my\u00f6s antoisia onnistumisen el\u00e4myksi\u00e4 esimerkiksi<span style=\"line-height: 1.4em;\">&nbsp;silloin, kun jokin kerhon talkooprojekti sadaan viety\u00e4 onnistuneesti l\u00e4pi.<\/span><\/p>\n\n\n\n<p>Ilmailu on kaiken kaikkiaan vaativa harraste. Mutta se on my\u00f6s eritt\u00e4in monipuolista ja antoisaa. Sen henkinen anti varsinkin nuorisolle perustuu mahdollisuuksiin ottaa mittaa itsest\u00e4\u00e4n, luonteestaan ja kyvyst\u00e4\u00e4n kehitty\u00e4. T\u00e4m\u00e4 eritoten nuorten vanhemmille huomioitavaksi, ett\u00e4 ilmailuharraste kehitt\u00e4\u00e4 tervett\u00e4 itse- ja vastuuntuntoa sek\u00e4 hallittua riskinottokyky\u00e4.<\/p>\n\n\n\n<p>Ilmailu on parhaimmillaan&nbsp;koko el\u00e4m\u00e4nmittainen kehitt\u00e4v\u00e4 harraste.<\/p>\n\n\n\n<figure class=\"wp-block-image size-full\"><a href=\"https:\/\/sodik.fi\/wp-content\/uploads\/2021\/06\/varjoliito-kurssi-1.jpg\"><img loading=\"lazy\" decoding=\"async\" width=\"518\" height=\"646\" src=\"https:\/\/sodik.fi\/wp-content\/uploads\/2021\/06\/varjoliito-kurssi-1.jpg\" alt=\"\" class=\"wp-image-8238\" srcset=\"https:\/\/sodik.fi\/wp-content\/uploads\/2021\/06\/varjoliito-kurssi-1.jpg 518w, https:\/\/sodik.fi\/wp-content\/uploads\/2021\/06\/varjoliito-kurssi-1-241x300.jpg 241w\" sizes=\"(max-width: 518px) 100vw, 518px\" \/><\/a><\/figure>\n\n\n\n<div style=\"height:40px\" aria-hidden=\"true\" class=\"wp-block-spacer\"><\/div>\n","protected":false},"excerpt":{"rendered":"<p>Vahvoja el\u00e4myksi\u00e4 -suuria kokemuksia Ensimm\u00e4isen\u00e4 varmaankin tulee&nbsp;mieliin vapauden tunne. T\u00e4m\u00e4 onkin yksi vahvimmista harrasteilmailun puoleensavet\u00e4vist\u00e4 tekij\u00f6ist\u00e4. My\u00f6s mahdollisuus n\u00e4hd\u00e4 maailma hiukan uudesta, v\u00e4ljemm\u00e4st\u00e4 ja avoimemmasta&nbsp;n\u00e4k\u00f6kulmasta on toinen. Paljon&nbsp;muitakin tekij\u00f6it\u00e4, joita sittemmin kokemuksen ja taitojen kehittymisen my\u00f6t\u00e4 tulee lis\u00e4\u00e4. Monille pitemp\u00e4\u00e4n &hellip; <a href=\"https:\/\/sodik.fi\/?page_id=363\">Lue loppuun <span class=\"meta-nav\">&rarr;<\/span><\/a><\/p>\n","protected":false},"author":1,"featured_media":0,"parent":1122,"menu_order":1,"comment_status":"closed","ping_status":"closed","template":"","meta":{"footnotes":""},"publishpress_future_action":{"enabled":false,"date":"2026-04-23 06:30:38","action":"draft","terms":[],"taxonomy":""},"_links":{"self":[{"href":"https:\/\/sodik.fi\/index.php?rest_route=\/wp\/v2\/pages\/363"}],"collection":[{"href":"https:\/\/sodik.fi\/index.php?rest_route=\/wp\/v2\/pages"}],"about":[{"href":"https:\/\/sodik.fi\/index.php?rest_route=\/wp\/v2\/types\/page"}],"author":[{"embeddable":true,"href":"https:\/\/sodik.fi\/index.php?rest_route=\/wp\/v2\/users\/1"}],"replies":[{"embeddable":true,"href":"https:\/\/sodik.fi\/index.php?rest_route=%2Fwp%2Fv2%2Fcomments&post=363"}],"version-history":[{"count":6,"href":"https:\/\/sodik.fi\/index.php?rest_route=\/wp\/v2\/pages\/363\/revisions"}],"predecessor-version":[{"id":9001,"href":"https:\/\/sodik.fi\/index.php?rest_route=\/wp\/v2\/pages\/363\/revisions\/9001"}],"up":[{"embeddable":true,"href":"https:\/\/sodik.fi\/index.php?rest_route=\/wp\/v2\/pages\/1122"}],"wp:attachment":[{"href":"https:\/\/sodik.fi\/index.php?rest_route=%2Fwp%2Fv2%2Fmedia&parent=363"}],"curies":[{"name":"wp","href":"https:\/\/api.w.org\/{rel}","templated":true}]}}