{"id":4004,"date":"2013-10-13T11:42:42","date_gmt":"2013-10-13T08:42:42","guid":{"rendered":"http:\/\/sodik.fi\/?page_id=4004"},"modified":"2014-03-29T14:50:46","modified_gmt":"2014-03-29T12:50:46","slug":"saa-sanomat","status":"publish","type":"page","link":"https:\/\/sodik.fi\/?page_id=4004","title":{"rendered":"S\u00c4\u00c4 sanomat"},"content":{"rendered":"<p>T\u00e4m\u00e4n sivun tiedot on ker\u00e4tty Ilmatieteen laitoksen <a href=\"http:\/\/lentosaa.fi\" target=\"_blank\">lentosaa.fi<\/a> -sivuilta. Tietoja on muutettu mm. siten, ett\u00e4 AUTO, NOCBANALYSIS, QFE -tiedot on siivottu pois luettavuuden parantamiseksi. METAR -viestit eiv\u00e4t siis t\u00e4yt\u00e4 METAR -sanoman virallista formaattia t\u00e4ll\u00e4 sivulla. Lis\u00e4ksi erityist\u00e4 huomiota kannattaa kiinnitt\u00e4\u00e4 havaintojen ja ennusteiden aikoihin. Lukekaa viestin alussa oleva aika sek\u00e4 TAF:ien ennustejakso tarkoin! Mik\u00e4li METAR on vanha, korostetaan sit\u00e4 v\u00e4rill\u00e4 t\u00e4ll\u00e4 sivulla.<br \/>\nKuten tuon lentosaa.fi palvelun tiedot, ovat t\u00e4m\u00e4nkin sivun tiedot sek\u00e4 toimivuus ep\u00e4varmaa ja satunnaista. Samat varoitukset Ilma-aluksen p\u00e4\u00e4llik\u00f6n vastuusta selvitt\u00e4\u00e4 s\u00e4\u00e4tiedot luotettavimmista l\u00e4hteist\u00e4 p\u00e4tee my\u00f6s t\u00e4m\u00e4n sivun k\u00e4ytt\u00f6\u00f6n. Emme ota mit\u00e4\u00e4n vastuuta n\u00e4iden sivujen tietojen ajantasaisuudesta tai sis\u00e4ll\u00f6st\u00e4.<br \/>  <strong>Klikkaamalla Alueittain<\/strong>, niin sanomat n\u00e4ytet\u00e4\u00e4n S\u00e4\u00e4palvelualue <strong>GAFOR osa-aluejaon mukaisesti jaoteltuina<\/strong>.<br \/>S\u00e4\u00e4sanomien latautuminen kest\u00e4\u00e4 hetken, ennen kuin PHP scripti (by Kalle Reunanen) on sen luonut.<\/p>\n<hr \/>\n<p><iframe loading=\"lazy\" src=\"http:\/\/lentopaikkakisa.com\/saa.php\" height=\"1500\" width=\"100%\" frameborder=\"0\"><\/iframe><\/p>\n","protected":false},"excerpt":{"rendered":"<p>T\u00e4m\u00e4n sivun tiedot on ker\u00e4tty Ilmatieteen laitoksen lentosaa.fi -sivuilta. Tietoja on muutettu mm. siten, ett\u00e4 AUTO, NOCBANALYSIS, QFE -tiedot on siivottu pois luettavuuden parantamiseksi. METAR -viestit eiv\u00e4t siis t\u00e4yt\u00e4 METAR -sanoman virallista formaattia t\u00e4ll\u00e4 sivulla. Lis\u00e4ksi erityist\u00e4 huomiota kannattaa kiinnitt\u00e4\u00e4 &hellip; <a href=\"https:\/\/sodik.fi\/?page_id=4004\">Lue loppuun <span class=\"meta-nav\">&rarr;<\/span><\/a><\/p>\n","protected":false},"author":1,"featured_media":0,"parent":46,"menu_order":7,"comment_status":"closed","ping_status":"closed","template":"paget-iframe.php","meta":{"footnotes":""},"publishpress_future_action":{"enabled":false,"date":"2026-04-27 19:00:33","action":"draft","terms":[],"taxonomy":""},"_links":{"self":[{"href":"https:\/\/sodik.fi\/index.php?rest_route=\/wp\/v2\/pages\/4004"}],"collection":[{"href":"https:\/\/sodik.fi\/index.php?rest_route=\/wp\/v2\/pages"}],"about":[{"href":"https:\/\/sodik.fi\/index.php?rest_route=\/wp\/v2\/types\/page"}],"author":[{"embeddable":true,"href":"https:\/\/sodik.fi\/index.php?rest_route=\/wp\/v2\/users\/1"}],"replies":[{"embeddable":true,"href":"https:\/\/sodik.fi\/index.php?rest_route=%2Fwp%2Fv2%2Fcomments&post=4004"}],"version-history":[{"count":2,"href":"https:\/\/sodik.fi\/index.php?rest_route=\/wp\/v2\/pages\/4004\/revisions"}],"predecessor-version":[{"id":5297,"href":"https:\/\/sodik.fi\/index.php?rest_route=\/wp\/v2\/pages\/4004\/revisions\/5297"}],"up":[{"embeddable":true,"href":"https:\/\/sodik.fi\/index.php?rest_route=\/wp\/v2\/pages\/46"}],"wp:attachment":[{"href":"https:\/\/sodik.fi\/index.php?rest_route=%2Fwp%2Fv2%2Fmedia&parent=4004"}],"curies":[{"name":"wp","href":"https:\/\/api.w.org\/{rel}","templated":true}]}}