{"id":443,"date":"2013-03-21T12:28:47","date_gmt":"2013-03-21T10:28:47","guid":{"rendered":"http:\/\/sodik.fi\/?page_id=443"},"modified":"2024-02-28T21:43:34","modified_gmt":"2024-02-28T19:43:34","slug":"skylane","status":"publish","type":"page","link":"https:\/\/sodik.fi\/?page_id=443","title":{"rendered":"OH-CMR Cessna C182 P &#8220;Skylane&#8221;"},"content":{"rendered":"\n<p><strong>Valmistaja: <\/strong>Cessna Aircraft Company, Wichita, Kansas USA, <strong>1976<br \/>Sarjanumero:<\/strong> 182-64924<\/p>\n\n\n\n<p>Nelipaikkainen, yksimoottorinen yleisilmailukone. Utility luokka. Kerhon &#8216;lippulaiva&#8217;. Purjekoneiden hinaukset, mets\u00e4palojen valvontalennot, SAR etsint\u00e4lennot ja paljon muita ilmailuviranomaisten sallimia teht\u00e4vi\u00e4.<\/p>\n\n\n\n<p><strong>MITAT<\/strong><b><br \/><\/b>K\u00e4rkiv\u00e4li:\u00a011,00 m<br \/>Pituus: 8,6 m<br \/>Siipipinta-ala:\u00a016,6 m\u00b2<\/p>\n\n\n\n<p><strong>PAINOT<br \/><\/strong>Tyhj\u00e4paino: 852 kg<br \/>Suurin lentopaino:\u00a01338 kg<\/p>\n\n\n\n<p><strong>NOPEUDET<br \/><\/strong>Max. nopeus: 172 kts<br \/>Sakkausnopeus: 47\u201356 kts<\/p>\n\n\n\n<p><strong>MOOTTORI<br \/><\/strong>Continental O-470-S, 6-sylinterinen, ilmaj\u00e4\u00e4hdytteinen<br \/>Teho: 238 hv<\/p>\n\n\n<div class=\"wp-block-image\">\n<figure class=\"aligncenter\"><a href=\"http:\/\/sodik.fi\/wp-content\/uploads\/2013\/03\/OH-CMR_USA.jpg\"><img decoding=\"async\" src=\"http:\/\/sodik.fi\/wp-content\/uploads\/2013\/03\/OH-CMR_USA-300x194.jpg\" alt=\"OH-CMR\"\/><\/a><figcaption class=\"wp-element-caption\">OH-CMR kuvattuna USA:ssa ennen suomeen tuontia. Kone saatiin Sodankyl\u00e4\u00e4n 27.3.1989.<\/figcaption><\/figure><\/div>\n\n<div class=\"wp-block-image\">\n<figure class=\"aligncenter\"><a href=\"http:\/\/sodik.fi\/wp-content\/uploads\/2013\/03\/20130626_181337.jpg\"><img loading=\"lazy\" decoding=\"async\" width=\"1024\" height=\"576\" src=\"http:\/\/sodik.fi\/wp-content\/uploads\/2013\/03\/20130626_181337-1024x576.jpg\" alt=\"OH-CMR kuvattuna 26.6-2013 EFSO platalla\" class=\"wp-image-2730\" srcset=\"https:\/\/sodik.fi\/wp-content\/uploads\/2013\/03\/20130626_181337-1024x576.jpg 1024w, https:\/\/sodik.fi\/wp-content\/uploads\/2013\/03\/20130626_181337-300x168.jpg 300w, https:\/\/sodik.fi\/wp-content\/uploads\/2013\/03\/20130626_181337-500x281.jpg 500w\" sizes=\"(max-width: 1024px) 100vw, 1024px\" \/><\/a><figcaption class=\"wp-element-caption\">OH-CMR kuvattuna 26.6-2013 EFSO platalla<\/figcaption><\/figure><\/div>","protected":false},"excerpt":{"rendered":"<p>Valmistaja: Cessna Aircraft Company, Wichita, Kansas USA, 1976Sarjanumero: 182-64924 Nelipaikkainen, yksimoottorinen yleisilmailukone. Utility luokka. Kerhon &#8216;lippulaiva&#8217;. Purjekoneiden hinaukset, mets\u00e4palojen valvontalennot, SAR etsint\u00e4lennot ja paljon muita ilmailuviranomaisten sallimia teht\u00e4vi\u00e4. MITATK\u00e4rkiv\u00e4li:\u00a011,00 mPituus: 8,6 mSiipipinta-ala:\u00a016,6 m\u00b2 PAINOTTyhj\u00e4paino: 852 kgSuurin lentopaino:\u00a01338 kg NOPEUDETMax. nopeus: &hellip; <a href=\"https:\/\/sodik.fi\/?page_id=443\">Lue loppuun <span class=\"meta-nav\">&rarr;<\/span><\/a><\/p>\n","protected":false},"author":1,"featured_media":0,"parent":7804,"menu_order":1,"comment_status":"closed","ping_status":"closed","template":"","meta":{"footnotes":""},"publishpress_future_action":{"enabled":false,"date":"2026-04-27 13:19:34","action":"draft","terms":[],"taxonomy":""},"_links":{"self":[{"href":"https:\/\/sodik.fi\/index.php?rest_route=\/wp\/v2\/pages\/443"}],"collection":[{"href":"https:\/\/sodik.fi\/index.php?rest_route=\/wp\/v2\/pages"}],"about":[{"href":"https:\/\/sodik.fi\/index.php?rest_route=\/wp\/v2\/types\/page"}],"author":[{"embeddable":true,"href":"https:\/\/sodik.fi\/index.php?rest_route=\/wp\/v2\/users\/1"}],"replies":[{"embeddable":true,"href":"https:\/\/sodik.fi\/index.php?rest_route=%2Fwp%2Fv2%2Fcomments&post=443"}],"version-history":[{"count":12,"href":"https:\/\/sodik.fi\/index.php?rest_route=\/wp\/v2\/pages\/443\/revisions"}],"predecessor-version":[{"id":9120,"href":"https:\/\/sodik.fi\/index.php?rest_route=\/wp\/v2\/pages\/443\/revisions\/9120"}],"up":[{"embeddable":true,"href":"https:\/\/sodik.fi\/index.php?rest_route=\/wp\/v2\/pages\/7804"}],"wp:attachment":[{"href":"https:\/\/sodik.fi\/index.php?rest_route=%2Fwp%2Fv2%2Fmedia&parent=443"}],"curies":[{"name":"wp","href":"https:\/\/api.w.org\/{rel}","templated":true}]}}