{"id":4860,"date":"2014-01-23T14:53:37","date_gmt":"2014-01-23T12:53:37","guid":{"rendered":"http:\/\/sodik.fi\/?page_id=4860"},"modified":"2017-03-13T21:52:46","modified_gmt":"2017-03-13T19:52:46","slug":"verkkoteoria-kurssi","status":"publish","type":"page","link":"https:\/\/sodik.fi\/?page_id=4860","title":{"rendered":"Purjelennon teoria"},"content":{"rendered":"<h2>PURJELENNON VERKKOTEORIAKURSSI 2\/2017<\/h2>\n<p>Opiskele purjelennon teoriat vaivattomasti\u00a0internetiss\u00e4!<\/p>\n<p>Teoriakurssi pit\u00e4\u00e4 sis\u00e4ll\u00e4\u00e4n\u00a0opiskelujakson Internetiss\u00e4, l\u00e4hijakson sek\u00e4 teoriakokeet.\u00a0 Kokeet voi suorittaa joko l\u00e4hijakson aikana\u00a0R\u00e4ysk\u00e4l\u00e4ss\u00e4 tai muualla Suomessa, kotipaikkakunnalla,\u00a0mik\u00e4li kurssilaisia on riitt\u00e4v\u00e4sti.<\/p>\n<p>2\/2017 verkkoteoriakurssi alkaa 10.4.2017<\/p>\n<p><strong>Opiskelu<\/strong><\/p>\n<p>Kurssilla opiskellaan p\u00e4\u00e4s\u00e4\u00e4nt\u00f6isesti verkkoalustan oppimisymp\u00e4rist\u00f6ss\u00e4, mutta v\u00e4hint\u00e4\u00e4n\u00a0yhteen l\u00e4hijaksoon opiskelijan tulee varautua.\u00a0<a href=\"http:\/\/www.urheiluilmailuopisto.fi\/ilmoittautumislomake_purjelentoteoriat.pdf\">Ilmoittautuminen<\/a><\/p>\n<p>Kurssilla suoritetaan\u00a0viikottain harjoitusteht\u00e4vi\u00e4 verkko-alustassa. Kurssilla\u00a0suoritetaan my\u00f6s rajoitetun ilmailuradiopuhelimen hoitajan kelpuutukseen liittyv\u00e4t opinnot.\u00a0Hyv\u00e4ksytysti\u00a0suoritetut opinnot mahdollistavat suomenkielisen k\u00e4ytt\u00e4j\u00e4n\u00a0luvan hakemista Trafilta.<\/p>\n<p>Huom!\u00a0 My\u00f6nnetty\u00a0(TraFi) radiopuhelimenhoitajan kelpuutus on pysyv\u00e4sti voimassa.<\/p>\n<p>&nbsp;<\/p>\n<p>Opiskelijalla tulee olla mahdollisuus tietokonelaitteiston ja internet-yhteyden\u00a0k\u00e4ytt\u00f6\u00f6n koko koulutusjakson ajan.<\/p>\n<p>Suoritetun teoriakurssin p\u00e4\u00e4tt\u00f6kokeet ovat voimassa 2 vuotta. Purjelennon verkkoteoriat suoritettuasi voit hakeutua mihin tahansa\u00a0suomalaiseen purjelentokerhoon lent\u00e4m\u00e4\u00e4n kurssin lento-osaa.\u00a0Voit my\u00f6s suorittaa kurssin menem\u00e4tt\u00e4 lento-osalle.\u00a0Teoriakurssilta saat paljon oppia lent\u00e4misest\u00e4, ilmakeh\u00e4st\u00e4 ja sen s\u00e4\u00e4ilmi\u00f6ist\u00e4, sek\u00e4\u00a0niihin liittyvist\u00e4 asioista. Saat erityispotkua esim. virtuaalilent\u00e4miseen!<\/p>\n<p>Kurssin hinta on 450\u00a0\u20ac ja Suomen Ilmailuliiton (SIL) j\u00e4senille\u00a0400 \u20ac.<\/p>\n<p><strong>Yhteyshenkil\u00f6t Sodankyl\u00e4n Ilmailukerhossa<\/strong>:<\/p>\n<ul>\n<li>Puheenjohtaja<br \/>\nKari Korvanen\u00a0\u00a0\u00a0 \u00a0\u00a0 0400\u00a0970\u00a0130\u00a0\u00a0\u00a0\u00a0\u00a0\u00a0 kari.korvanen(at)sodik.fi<\/li>\n<li>Lennonopettaja<br \/>\nSauli Salmela\u00a0\u00a0\u00a0\u00a0\u00a0\u00a0\u00a0\u00a0040 543 0765\u00a0\u00a0\u00a0\u00a0\u00a0\u00a0 sauli.salmela(at)sodik.fi<\/li>\n<\/ul>\n<p>&nbsp;<\/p>\n<h2><em><span style=\"color: #3366ff;\"><strong>Verkkoteorian avulla helposti mukaan&#8230;&#8230;&#8230;&#8230;&#8230;&#8230;&#8230;&#8230;&#8230;&#8230;&#8230;<br \/>\n<\/strong><strong>&#8230;&#8230;&#8230;&#8230;&#8230;&#8230;&#8230;&#8230;&#8230;..Tervetuloa Upean Harrastuksen Pariin..!!<\/strong><\/span><\/em><\/h2>\n<p><strong><em>Sodankyl\u00e4n Ilmailukerho Ry<br \/>\nTule mukaan<br \/>\n<\/em><\/strong><\/p>\n<p><img loading=\"lazy\" decoding=\"async\" class=\"aligncenter size-full wp-image-3769\" src=\"http:\/\/sodik.fi\/wp-content\/uploads\/2013\/10\/streaming_server_logo.png\" alt=\"streaming_server_logo\" width=\"194\" height=\"32\" \/><\/p>\n<p>&nbsp;<\/p>\n","protected":false},"excerpt":{"rendered":"<p>PURJELENNON VERKKOTEORIAKURSSI 2\/2017 Opiskele purjelennon teoriat vaivattomasti\u00a0internetiss\u00e4! Teoriakurssi pit\u00e4\u00e4 sis\u00e4ll\u00e4\u00e4n\u00a0opiskelujakson Internetiss\u00e4, l\u00e4hijakson sek\u00e4 teoriakokeet.\u00a0 Kokeet voi suorittaa joko l\u00e4hijakson aikana\u00a0R\u00e4ysk\u00e4l\u00e4ss\u00e4 tai muualla Suomessa, kotipaikkakunnalla,\u00a0mik\u00e4li kurssilaisia on riitt\u00e4v\u00e4sti. 2\/2017 verkkoteoriakurssi alkaa 10.4.2017 Opiskelu Kurssilla opiskellaan p\u00e4\u00e4s\u00e4\u00e4nt\u00f6isesti verkkoalustan oppimisymp\u00e4rist\u00f6ss\u00e4, mutta v\u00e4hint\u00e4\u00e4n\u00a0yhteen l\u00e4hijaksoon &hellip; <a href=\"https:\/\/sodik.fi\/?page_id=4860\">Lue loppuun <span class=\"meta-nav\">&rarr;<\/span><\/a><\/p>\n","protected":false},"author":1,"featured_media":0,"parent":132,"menu_order":1,"comment_status":"closed","ping_status":"closed","template":"","meta":{"footnotes":""},"publishpress_future_action":{"enabled":false,"date":"2026-05-20 20:32:21","action":"draft","terms":[],"taxonomy":""},"_links":{"self":[{"href":"https:\/\/sodik.fi\/index.php?rest_route=\/wp\/v2\/pages\/4860"}],"collection":[{"href":"https:\/\/sodik.fi\/index.php?rest_route=\/wp\/v2\/pages"}],"about":[{"href":"https:\/\/sodik.fi\/index.php?rest_route=\/wp\/v2\/types\/page"}],"author":[{"embeddable":true,"href":"https:\/\/sodik.fi\/index.php?rest_route=\/wp\/v2\/users\/1"}],"replies":[{"embeddable":true,"href":"https:\/\/sodik.fi\/index.php?rest_route=%2Fwp%2Fv2%2Fcomments&post=4860"}],"version-history":[{"count":4,"href":"https:\/\/sodik.fi\/index.php?rest_route=\/wp\/v2\/pages\/4860\/revisions"}],"predecessor-version":[{"id":7814,"href":"https:\/\/sodik.fi\/index.php?rest_route=\/wp\/v2\/pages\/4860\/revisions\/7814"}],"up":[{"embeddable":true,"href":"https:\/\/sodik.fi\/index.php?rest_route=\/wp\/v2\/pages\/132"}],"wp:attachment":[{"href":"https:\/\/sodik.fi\/index.php?rest_route=%2Fwp%2Fv2%2Fmedia&parent=4860"}],"curies":[{"name":"wp","href":"https:\/\/api.w.org\/{rel}","templated":true}]}}