{"id":5315,"date":"2014-03-30T08:28:17","date_gmt":"2014-03-30T05:28:17","guid":{"rendered":"http:\/\/sodik.fi\/?page_id=5315"},"modified":"2014-04-13T13:03:00","modified_gmt":"2014-04-13T10:03:00","slug":"lennonvalmistelu-pre-flight","status":"publish","type":"page","link":"https:\/\/sodik.fi\/?page_id=5315","title":{"rendered":"Lennonvalmistelu"},"content":{"rendered":"<p>OHJEITA LENNONSUUNNITTELUSTA (TRAFI)<\/p>\n<ul>\n<li><a title=\"Lennonsuunnittelu on t\u00e4rke\u00e4 osa lentoturvallisuutta\" href=\"http:\/\/www.trafi.fi\/ilmailu\/lentoturvallisuus\/lennonsuunnittelu\" target=\"_blank\">Lennonsuunnittelu on t\u00e4rke\u00e4 osa lentoturvallisuutta<\/a> (tutustumisen arvoinen)<\/li>\n<\/ul>\n<p>BULLETINS VFR (NOTAM) Finland FIR<br \/>\n&#8211; tarkista ennen lentoa l\u00e4ht\u00f6- ja m\u00e4\u00e4r\u00e4kent\u00e4n osalta sek\u00e4 reitilt\u00e4!<\/p>\n<ul>\n<li><a title=\"Bulletin palvelu - Finavia\" href=\"https:\/\/ais.fi\/ais\/bulletins\/\" target=\"_blank\">Bulletin palvelu &#8211; Finavia Pre-flight Information Bulletins<\/a><\/li>\n<li><a href=\"https:\/\/ais.fi\/ais\/bulletins\/envfrm.htm#EFSO\" target=\"_blank\">EFSO (VFR)<\/a><\/li>\n<li><a href=\"https:\/\/ais.fi\/ais\/bulletins\/envfra.htm#EFKM\" target=\"_blank\">EFKM (VFR)<\/a><\/li>\n<li><a href=\"https:\/\/ais.fi\/ais\/bulletins\/envfra-fr.htm\" target=\"_blank\">EFAA-EFLP (VFR)<\/a><\/li>\n<li><a href=\"https:\/\/ais.fi\/ais\/bulletins\/envfrm-fr.htm\" target=\"_blank\">EFMA-EFYL (VFR)<\/a><\/li>\n<li><a href=\"https:\/\/ais.fi\/ais\/bulletins\/enheli-fr.htm\" target=\"_blank\">HELIPORTS (VFR)<\/a><\/li>\n<\/ul>\n<p>AMMUNNAT &#8211; NAV WRNG EFIN &#8211; Finland FIR<\/p>\n<ul>\n<li><a href=\"https:\/\/ais.fi\/ais\/bulletins\/wrng-fr.htm\" target=\"_blank\">T\u00e4n\u00e4\u00e4n &#8211; Today<\/a><\/li>\n<li><a href=\"https:\/\/ais.fi\/ais\/bulletins\/wrng1map.pdf\" target=\"_blank\">Kartta ammunnoista t\u00e4n\u00e4\u00e4n (pdf)<\/a><\/li>\n<\/ul>\n<p>AIP SUPLEMENT ja eAIP<br \/>\n&#8211; yli 15 vrk voimassaolevat tiedotteet eiv\u00e4t l\u00f6ydy notameista!<\/p>\n<ul>\n<li><a title=\"AIP SUPLEMENT\" href=\"https:\/\/ais.fi\/ais\/aipsup\/AipSup.htm\" target=\"_blank\">Ilmailuk\u00e4sikirjan lis\u00e4ykset (AIP SUPPLEMENT)<\/a><br \/>\nHUOM! &#8211; muista tarkistaa EFKM Suplement t\u00e4\u00e4lt\u00e4!<\/li>\n<\/ul>\n<ul>\n<li><a title=\"eAIP\" href=\"https:\/\/ais.fi\/ais\/eaip\/fi\" target=\"_blank\">eAIP &#8211; Ilmailuk\u00e4sikirja (Kartat isommille lentoasemille AD-osassa)<\/a><\/li>\n<li><a title=\"AIC A-tiedotteet\" href=\"https:\/\/ais.fi\/ais\/aica\/AipAicA.htm\" target=\"_blank\">AIC A-tiedotteet<\/a><\/li>\n<\/ul>\n<p>AURINGON NOUSU- JA LASKUAJAT<\/p>\n<ul>\n<li><a title=\"Auringon nousu- ja laskuajat\" href=\"https:\/\/ais.fi\/C\/palvelut\/aurinko_taulukot\" target=\"_blank\">Auringon nousu- ja laskuajat<\/a><\/li>\n<\/ul>\n<p><!--more--><br \/>\nMETAR &#8211; TAF &#8211; AWS METAR &#8211; GAFOR &#8211; SWC<\/p>\n<ul>\n<li><a title=\"Lentos\u00e4\u00e4palvelut Suomessa -opas\" href=\"http:\/\/sodik.fi\/wp-content\/uploads\/2013\/04\/lentosaapalvelut.pdf&quot;\" target=\"_blank\">Lentos\u00e4\u00e4palvelut Suomessa -opas<\/a> (p\u00e4ivitetty 08\/2013)<\/li>\n<li><a href=\"http:\/\/www.ilmailusaa.fi\/saapalvelu.pdf\" target=\"blank\">S\u00e4\u00e4tuotteiden koodien tulkinta- ja avaamisohje<\/a><br \/>\n&#8211; &#8220;S\u00c4\u00c4 -haitari&#8221; pdf-muodossa<\/li>\n<\/ul>\n<ul>\n<li><a href=\"http:\/\/sodik.fi\/?page_id=4004\" target=\"_blank\">Lent\u00e4j\u00e4n s\u00e4\u00e4sanomat<\/a><\/li>\n<li><a href=\"http:\/\/lentopaikkakisa.com\/saa.php??&amp;l=100&amp;f=1&amp;gall\" target=\"_blank\">S\u00e4\u00e4sanomat GAFOR osa-aluejaon mukaisesti jaoteltuina<\/a><\/li>\n<li><a href=\"http:\/\/lentopaikkakisa.com\/saa?&amp;ng&amp;nd&amp;l=40&amp;f=1&amp;gall&amp;nd\" target=\"_blank\">Mobiilik\u00e4ytt\u00f6\u00f6n<\/a><\/li>\n<li><a href=\"http:\/\/lentopaikkakisa.com\/saa?%3fpb&amp;nd&amp;l=100&amp;f=0.8&amp;pb\" target=\"_blank\">Lennolle mukaan printattuna<br \/>\n<\/a><\/li>\n<\/ul>\n<ul>\n<li><a title=\"SADETUTKA - Suomen pohjoisosa 15 min.- Ilmatieteen laitos FMI\" href=\"http:\/\/ilmatieteenlaitos.fi\/sade-ja-pilvialueet\/suomen-pohjoisosa\" target=\"_blank\">Sadetutka &#8211; Suomen pohjoisosa 15 min. &#8211; Ilmatieteen laitos FMI<\/a><\/li>\n<li><a title=\"ILMAILUS\u00c4\u00c4 - Ilmatieteen laitos FMI - Lent\u00e4jille s\u00e4\u00e4tiedot verkkopalvelusta\" href=\"http:\/\/ilmailusaa.fi\/#id=viscloud#map=northern-finland#level=1000ft\" target=\"_blank\">Pohjois-Suomi Ilmailus\u00e4\u00e4 1000 ft VIS,CLD,WIND &#8211; Ilmatieteen laitos FMI<\/a><\/li>\n<li><a title=\"ILMATIETEEN LAITOS FMI - kotisivu\" href=\"http:\/\/www.fmi.fi\" target=\"_blank\">Ilmatieteen laitos FMI &#8211; kotisivu<\/a><\/li>\n<li><a title=\"Termiikkiennuste\" href=\"http:\/\/www.urheiluilmailuopisto.fi\/ennuste\/index.html\" target=\"_blank\">Termiikkiennuste<\/a><\/li>\n<\/ul>\n<p>LENTOPAIKKATIEDOT<\/p>\n<ul>\n<li><a title=\"Lentopaikat.fi\" href=\"http:\/\/www.lentopaikat.fi\/\" target=\"_blank\">Lentopaikat.fi &#8211; UUSITTU sivusto Suomen valvomattomista lentopaikoista<\/a><br \/>\n&#8211; tiedot valvomattomista lentopaikoista<\/li>\n<li><a title=\"VFR Suomi-Finland\" href=\"https:\/\/ais.fi\/ais\/vfr\/\" target=\"_blank\">VFR Suomi-Finland<br \/>\n&#8211;\u00a0<\/a>tiedot valvomattomista lentopaikoista<\/li>\n<\/ul>\n<p>OPERATIIVINEN LENTOSUUNNITELMA VFR &#8211; OFP<\/p>\n<ul>\n<li><a title=\"Lennonsuunnittelulomake (VFR) eli Operational Flight Plan (OFP)\" href=\"http:\/\/www.trafi.fi\/filebank\/a\/1320219206\/93ebebc3211985cc0754dbc2b8f13ece\/476-OFP_VFR.pdf\" target=\"_blank\">Lennonsuunnittelulomake VFR eli Operational Flight Plan (OFP)<\/a><br \/>\n&#8211; tulostettava pdf<\/li>\n<\/ul>\n<p>LENTOSUUNNITELMAN LAATIMINEN<\/p>\n<ul>\n<li title=\"Lentosuunnitelman k\u00e4ytt\u00f6- ja t\u00e4ytt\u00f6ohjeet\"><a title=\"FPC eFPL-j\u00e4rjestelm\u00e4\" href=\"https:\/\/ais.fi\/C\/flightplan\/efpl_lomake\" target=\"_blank\">Lentosuunnitelman l\u00e4hett\u00e4minen FPC &#8211; Flight Planning Centre eFPL-j\u00e4rjestelm\u00e4<\/a> &#8211; FINAVIA<\/li>\n<\/ul>\n","protected":false},"excerpt":{"rendered":"<p>OHJEITA LENNONSUUNNITTELUSTA (TRAFI) Lennonsuunnittelu on t\u00e4rke\u00e4 osa lentoturvallisuutta (tutustumisen arvoinen) BULLETINS VFR (NOTAM) Finland FIR &#8211; tarkista ennen lentoa l\u00e4ht\u00f6- ja m\u00e4\u00e4r\u00e4kent\u00e4n osalta sek\u00e4 reitilt\u00e4! Bulletin palvelu &#8211; Finavia Pre-flight Information Bulletins EFSO (VFR) EFKM (VFR) EFAA-EFLP (VFR) EFMA-EFYL (VFR) &hellip; <a href=\"https:\/\/sodik.fi\/?page_id=5315\">Lue loppuun <span class=\"meta-nav\">&rarr;<\/span><\/a><\/p>\n","protected":false},"author":1,"featured_media":0,"parent":0,"menu_order":0,"comment_status":"closed","ping_status":"closed","template":"paget-page2col.php","meta":{"footnotes":""},"publishpress_future_action":{"enabled":false,"date":"2026-04-27 17:28:54","action":"draft","terms":[],"taxonomy":""},"_links":{"self":[{"href":"https:\/\/sodik.fi\/index.php?rest_route=\/wp\/v2\/pages\/5315"}],"collection":[{"href":"https:\/\/sodik.fi\/index.php?rest_route=\/wp\/v2\/pages"}],"about":[{"href":"https:\/\/sodik.fi\/index.php?rest_route=\/wp\/v2\/types\/page"}],"author":[{"embeddable":true,"href":"https:\/\/sodik.fi\/index.php?rest_route=\/wp\/v2\/users\/1"}],"replies":[{"embeddable":true,"href":"https:\/\/sodik.fi\/index.php?rest_route=%2Fwp%2Fv2%2Fcomments&post=5315"}],"version-history":[{"count":1,"href":"https:\/\/sodik.fi\/index.php?rest_route=\/wp\/v2\/pages\/5315\/revisions"}],"predecessor-version":[{"id":5718,"href":"https:\/\/sodik.fi\/index.php?rest_route=\/wp\/v2\/pages\/5315\/revisions\/5718"}],"wp:attachment":[{"href":"https:\/\/sodik.fi\/index.php?rest_route=%2Fwp%2Fv2%2Fmedia&parent=5315"}],"curies":[{"name":"wp","href":"https:\/\/api.w.org\/{rel}","templated":true}]}}