{"id":5694,"date":"2014-04-09T11:13:52","date_gmt":"2014-04-09T08:13:52","guid":{"rendered":"http:\/\/sodik.fi\/?page_id=5694"},"modified":"2017-02-12T15:30:26","modified_gmt":"2017-02-12T13:30:26","slug":"5694-2","status":"publish","type":"page","link":"https:\/\/sodik.fi\/?page_id=5694","title":{"rendered":"Kurssimaksut 2017"},"content":{"rendered":"<table border=\"0\">\n<tbody>\n<tr>\n<td><strong>Purjelennon peruskurssi<\/strong> &#8211; moduulit 1+2+3<\/p>\n<p style=\"padding-left: 30px;\">Sis\u00e4lt\u00e4\u00e4 materiaalin, vakuutusmaksun, 50 koululentoa sek\u00e4 ao. kes\u00e4n purjekonevuokrat.<\/p>\n<\/td>\n<td>2 680 \u20ac<\/td>\n<\/tr>\n<tr>\n<td><strong>Purjelennon peruskurssi<\/strong> &#8211; moduuli 1<\/p>\n<p style=\"padding-left: 30px;\">Aloituskurssi, sis\u00e4lt\u00e4\u00e4 lennot 1-15. Aloituskurssilla p\u00e4\u00e4set ohjaamaan opettajan kanssa purjekonetta, saat kunnon purjelentoel\u00e4myksen ja varsin kattavan k\u00e4sityksen purjelent\u00e4misest\u00e4. Aloituskurssia varten et tarvitse l\u00e4\u00e4ketieteellist\u00e4 kelpoisuustodistusta (medikaalia).<\/p>\n<\/td>\n<td>900\u00a0\u00a0\u20ac<\/td>\n<\/tr>\n<tr>\n<td><strong>Purjelennon peruskurssi<\/strong> &#8211; moduuli 2<\/p>\n<p style=\"padding-left: 30px;\">Yksinlentokurssi, sis\u00e4lt\u00e4\u00e4 lennot 16-30. Yksinlentokurssilla hiotaan lis\u00e4\u00e4 lennon ja varsinkin laskeutumisen teknist\u00e4 suorittamista. T\u00e4m\u00e4n osan j\u00e4lkeen saatat olla jo varsin l\u00e4hell\u00e4 yksinlennoilta vaadittavaa osaamis- ja suoritustasoa. My\u00f6sk\u00e4\u00e4n t\u00e4m\u00e4n osan suorittamiseen ei vaadita medikaalia, sill\u00e4 kaikki lennot lennet\u00e4\u00e4n opettajan kanssa.<\/p>\n<\/td>\n<td>900\u00a0\u00a0\u20ac<\/td>\n<\/tr>\n<tr>\n<td><strong>Purjelennon peruskurssi<\/strong> &#8211; moduuli 3<\/p>\n<p style=\"padding-left: 30px;\">Lupakirjakurssi, sis\u00e4lt\u00e4\u00e4 lennot 31-50. Lupakirjakurssi t\u00e4ht\u00e4\u00e4 purjelent\u00e4j\u00e4n lupakirjan saavuttamiseen eli oppilas lent\u00e4\u00e4 vaadittavat yksinlennot ja lupakirjaan vaadittavan lentokokeen tarkastuslent\u00e4j\u00e4n kanssa. Yksinlentoja varten vaaditaan oppilaslupakirja ja medikaali ( l\u00e4\u00e4k\u00e4rintarkastuksessa t\u00e4ytyy k\u00e4yd\u00e4 hyviss\u00e4 ajoin ennen t\u00e4m\u00e4n osan aloittamista).<\/p>\n<\/td>\n<td>800\u00a0\u00a0\u20ac<\/td>\n<\/tr>\n<tr>\n<td><strong>Purjelennon tutustumiskurssi<\/strong><\/p>\n<p style=\"padding-left: 30px;\">Esittelykurssi sis\u00e4lt\u00e4\u00e4 teroriaopetusta ja 3 lentoa.<\/p>\n<\/td>\n<td>240\u00a0\u00a0\u20ac<\/td>\n<\/tr>\n<tr>\n<td><strong>Purjelennon esittelylento<\/strong> lennonopettajan kanssa<\/td>\n<td style=\"text-align: right;\">80 \u20ac<\/td>\n<\/tr>\n<\/tbody>\n<\/table>\n<p>Purjelentokurssille tultaessa on liitytt\u00e4v\u00e4 Sodankyl\u00e4n Ilmailukerho ry:n\u00a0j\u00e4seneksi.<\/p>\n","protected":false},"excerpt":{"rendered":"<p>Purjelennon peruskurssi &#8211; moduulit 1+2+3 Sis\u00e4lt\u00e4\u00e4 materiaalin, vakuutusmaksun, 50 koululentoa sek\u00e4 ao. kes\u00e4n purjekonevuokrat. 2 680 \u20ac Purjelennon peruskurssi &#8211; moduuli 1 Aloituskurssi, sis\u00e4lt\u00e4\u00e4 lennot 1-15. Aloituskurssilla p\u00e4\u00e4set ohjaamaan opettajan kanssa purjekonetta, saat kunnon purjelentoel\u00e4myksen ja varsin kattavan k\u00e4sityksen purjelent\u00e4misest\u00e4. &hellip; <a href=\"https:\/\/sodik.fi\/?page_id=5694\">Lue loppuun <span class=\"meta-nav\">&rarr;<\/span><\/a><\/p>\n","protected":false},"author":1,"featured_media":0,"parent":134,"menu_order":0,"comment_status":"closed","ping_status":"closed","template":"","meta":{"footnotes":""},"publishpress_future_action":{"enabled":false,"date":"2026-04-22 23:41:08","action":"draft","terms":[],"taxonomy":""},"_links":{"self":[{"href":"https:\/\/sodik.fi\/index.php?rest_route=\/wp\/v2\/pages\/5694"}],"collection":[{"href":"https:\/\/sodik.fi\/index.php?rest_route=\/wp\/v2\/pages"}],"about":[{"href":"https:\/\/sodik.fi\/index.php?rest_route=\/wp\/v2\/types\/page"}],"author":[{"embeddable":true,"href":"https:\/\/sodik.fi\/index.php?rest_route=\/wp\/v2\/users\/1"}],"replies":[{"embeddable":true,"href":"https:\/\/sodik.fi\/index.php?rest_route=%2Fwp%2Fv2%2Fcomments&post=5694"}],"version-history":[{"count":2,"href":"https:\/\/sodik.fi\/index.php?rest_route=\/wp\/v2\/pages\/5694\/revisions"}],"predecessor-version":[{"id":7779,"href":"https:\/\/sodik.fi\/index.php?rest_route=\/wp\/v2\/pages\/5694\/revisions\/7779"}],"up":[{"embeddable":true,"href":"https:\/\/sodik.fi\/index.php?rest_route=\/wp\/v2\/pages\/134"}],"wp:attachment":[{"href":"https:\/\/sodik.fi\/index.php?rest_route=%2Fwp%2Fv2%2Fmedia&parent=5694"}],"curies":[{"name":"wp","href":"https:\/\/api.w.org\/{rel}","templated":true}]}}