{"id":7795,"date":"2017-02-13T13:04:32","date_gmt":"2017-02-13T11:04:32","guid":{"rendered":"http:\/\/sodik.fi\/?page_id=7795"},"modified":"2026-04-24T08:54:46","modified_gmt":"2026-04-24T05:54:46","slug":"lupakirjakurssit-2","status":"publish","type":"page","link":"https:\/\/sodik.fi\/?page_id=7795","title":{"rendered":"Lupakirjakurssit"},"content":{"rendered":"\n<figure class=\"wp-block-image size-full\"><a href=\"https:\/\/sodik.fi\/wp-content\/uploads\/2021\/11\/cropped-Eagle.jpg\"><img decoding=\"async\" src=\"https:\/\/sodik.fi\/wp-content\/uploads\/2021\/11\/cropped-Eagle.jpg\" alt=\"\" class=\"wp-image-8406\"\/><\/a><\/figure>\n\n\n\n<div style=\"height:40px\" aria-hidden=\"true\" class=\"wp-block-spacer\"><\/div>\n\n\n\n<h2 class=\"wp-block-heading\">Purjelentokoulutus <\/h2>\n\n\n\n<p>Kurssin voi aloittaa koska tahansa ja edet\u00e4 omaan tahtiin. Kurssi sis\u00e4lt\u00e4\u00e4 teoria- ja lento-osuuden.<\/p>\n\n\n\n<p>Teoriaosuus suoritetaan verkossa ja kurssille voi ilmoittautua <a aria-label=\" (avautuu uudessa v\u00e4lilehdess\u00e4)\" href=\"https:\/\/urheiluilmailuopisto.fi\/koulutukset\/\" target=\"_blank\" rel=\"noreferrer noopener\">Suomen Urheiluilmailuopiston<\/a> sivuilla. Teoria- ja lentokoulutusta voi suorittaa erillisin\u00e4 tai osittain yhtaikaa. Teoriaosuuden suoritettu viranomaiskoe on voimassa kaksi vuotta, mink\u00e4 aikana pit\u00e4\u00e4 suorittaa lentokoe. Lentokoulutus suoritetaan Sodankyl\u00e4n lentokent\u00e4ll\u00e4. Kun haluat aloittaa koulutuksen tai tiedustella lis\u00e4tietoja, ole yhteydess\u00e4 s\u00e4hk\u00f6postitse: <em>lentokoulutus(at)sodik.fi<\/em>. <\/p>\n\n\n\n<p>Hinnasto: Teoria 550 \u20ac + lennot 2400 \u20ac = 2950 \u20ac<\/p>\n\n\n\n<p>Hinta sis\u00e4lt\u00e4\u00e4 teoriakurssin ja lentokoulutuksen. Yll\u00e4 mainitun hinnan lis\u00e4ksi kustannuksia aiheuttavat<\/p>\n\n\n\n<ul>\n<li>viranomaiskokeet<\/li>\n\n\n\n<li>viranomaisen lupamaksut<\/li>\n\n\n\n<li>l\u00e4\u00e4k\u00e4rintarkastus<\/li>\n\n\n\n<li>mahdolliset lis\u00e4tunnit lentokoulutuksessa<\/li>\n<\/ul>\n\n\n\n<div style=\"height:40px\" aria-hidden=\"true\" class=\"wp-block-spacer\"><\/div>\n\n\n\n<h2 class=\"wp-block-heading\">Moottorilentokoulutus<\/h2>\n\n\n\n<p>LAPL(A)-lupakirja, eli kevyiden ilma-alusten lupakirja, joka mahdollistaa alle 2 000 kg (MTOW) painoisten yksimoottoristen m\u00e4nt\u00e4k\u00e4ytt\u00f6isten maalentokoneiden lent\u00e4misen. K\u00e4yt\u00e4nn\u00f6ss\u00e4 t\u00e4m\u00e4 kattaa l\u00e4hes kaikki Suomessa k\u00e4yt\u00f6ss\u00e4 olevat yleisilmailukoneet.<\/p>\n\n\n\n<p>Moottorilentokurssi sis\u00e4lt\u00e4\u00e4 teoria- ja lento-osuuden. Lento-osuuden voi aloittaa samanaikaisesti teoriaopintojen kanssa. Lento-osa toteutetaan yhteisty\u00f6ss\u00e4 Ivalon Tunturi-ilmailijoiden kanssa. Koulutus tapahtuu Sodankyl\u00e4n ilmailukerhon Cessna 172 (OH-CID) -lentokoneella p\u00e4\u00e4osin Sodankyl\u00e4n lentopaikalla. Et\u00e4opiskelu teoriakurssilla tapahtuu yhteisty\u00f6kumppanimme Blue Skies Aviationin koulutusportaalissa opiskelijan oman aikataulun mukaisesti. Teoriakoulutuksen v\u00e4himm\u00e4ism\u00e4\u00e4r\u00e4 lupakirjaan on 100 tuntia ja lento-osuuden 30 lentotuntia.<\/p>\n\n\n\n<p>Kun haluat aloittaa koulutuksen tai tiedustella lis\u00e4tietoja, ole yhteydess\u00e4 s\u00e4hk\u00f6postitse: <em>lentokoulutus(at)sodik.fi<\/em>.<\/p>\n\n\n\n<p>Hinnasto: LAPL(A) -teoria 1500 \u20ac + lennot 7000 \u20ac = 8500 \u20ac<\/p>\n\n\n\n<p>T\u00e4m\u00e4n hinnan lis\u00e4ksi kustannuksia aiheuttavat<\/p>\n\n\n\n<ul>\n<li>viranomaiskokeet<\/li>\n\n\n\n<li>viranomaisen lupamaksut<\/li>\n\n\n\n<li>l\u00e4\u00e4k\u00e4rintarkastus<\/li>\n\n\n\n<li>mahdolliset lis\u00e4tunnit lentokoulutuksessa<\/li>\n<\/ul>\n\n\n\n<div style=\"height:50px\" aria-hidden=\"true\" class=\"wp-block-spacer\"><\/div>\n\n\n\n<h2 class=\"wp-block-heading\">Varjoliito<\/h2>\n\n\n\n<p>Varjoliitokoulutuksessa teemme yhteisty\u00f6t\u00e4 LakeudenLiit\u00e4j\u00e4t Ry:n ja muiden Lapin harrastajien kanssa. Kun haluat aloittaa koulutuksen tai tiedustella lis\u00e4tietoja, ole yhteydess\u00e4 s\u00e4hk\u00f6postitse: <em>lentokoulutus(at)sodik.fi<\/em>. <\/p>\n\n\n\n<p>Varjoliitolupakirja koostuu kahdesta osiosta:<\/p>\n\n\n\n<ul>\n<li>PP1 Teoria, maak\u00e4sittely ja matalat lennot 950 \u20ac<\/li>\n\n\n\n<li>PP2 Teoria ja 40 kpl lentoja 950 \u20ac<\/li>\n<\/ul>\n\n\n\n<p>PP2 kurssin suoritettuaan saa lupakirjan. Sen j\u00e4lkeen on mahdollista jatkaa moottorivarjoliidinkurssille (MOVA-kurssi).<\/p>\n\n\n\n<div style=\"height:40px\" aria-hidden=\"true\" class=\"wp-block-spacer\"><\/div>\n","protected":false},"excerpt":{"rendered":"<p>Purjelentokoulutus Kurssin voi aloittaa koska tahansa ja edet\u00e4 omaan tahtiin. Kurssi sis\u00e4lt\u00e4\u00e4 teoria- ja lento-osuuden. Teoriaosuus suoritetaan verkossa ja kurssille voi ilmoittautua Suomen Urheiluilmailuopiston sivuilla. Teoria- ja lentokoulutusta voi suorittaa erillisin\u00e4 tai osittain yhtaikaa. Teoriaosuuden suoritettu viranomaiskoe on voimassa kaksi &hellip; <a href=\"https:\/\/sodik.fi\/?page_id=7795\">Lue loppuun <span class=\"meta-nav\">&rarr;<\/span><\/a><\/p>\n","protected":false},"author":44,"featured_media":0,"parent":0,"menu_order":2,"comment_status":"closed","ping_status":"closed","template":"","meta":{"footnotes":""},"publishpress_future_action":{"enabled":false,"date":"2026-05-07 00:04:43","action":"draft","terms":[],"taxonomy":""},"_links":{"self":[{"href":"https:\/\/sodik.fi\/index.php?rest_route=\/wp\/v2\/pages\/7795"}],"collection":[{"href":"https:\/\/sodik.fi\/index.php?rest_route=\/wp\/v2\/pages"}],"about":[{"href":"https:\/\/sodik.fi\/index.php?rest_route=\/wp\/v2\/types\/page"}],"author":[{"embeddable":true,"href":"https:\/\/sodik.fi\/index.php?rest_route=\/wp\/v2\/users\/44"}],"replies":[{"embeddable":true,"href":"https:\/\/sodik.fi\/index.php?rest_route=%2Fwp%2Fv2%2Fcomments&post=7795"}],"version-history":[{"count":33,"href":"https:\/\/sodik.fi\/index.php?rest_route=\/wp\/v2\/pages\/7795\/revisions"}],"predecessor-version":[{"id":9370,"href":"https:\/\/sodik.fi\/index.php?rest_route=\/wp\/v2\/pages\/7795\/revisions\/9370"}],"wp:attachment":[{"href":"https:\/\/sodik.fi\/index.php?rest_route=%2Fwp%2Fv2%2Fmedia&parent=7795"}],"curies":[{"name":"wp","href":"https:\/\/api.w.org\/{rel}","templated":true}]}}