{"id":8393,"date":"2022-04-29T23:42:36","date_gmt":"2022-04-29T20:42:36","guid":{"rendered":"https:\/\/sodik.fi\/?page_id=8393"},"modified":"2022-06-02T11:52:14","modified_gmt":"2022-06-02T08:52:14","slug":"arctic-fly-in-2022","status":"publish","type":"page","link":"https:\/\/sodik.fi\/?page_id=8393","title":{"rendered":"Arctic Fly-In 2022"},"content":{"rendered":"\n<div class=\"wp-block-columns has-2-columns is-layout-flex wp-container-core-columns-layout-1 wp-block-columns-is-layout-flex\">\n<div class=\"wp-block-column is-layout-flow wp-block-column-is-layout-flow\">\n<p>Ilmoita koneesi ja miehist\u00f6 tapahtumaan lomakkeella <a rel=\"noreferrer noopener\" aria-label=\"Arctic Fly In (avautuu uudessa v\u00e4lilehdess\u00e4)\" href=\"https:\/\/forms.gle\/FK2kzPWrUWb2Z1U89\" target=\"_blank\">Arctic Fly In<\/a> Samalla lomakkeella ilmoittautuminen iltabileisiin. Otamme mielell\u00e4mme vastaan my\u00f6s kuvia saapuvista koneista, galleria tulee nettisivuille.<\/p>\n\n\n\n<p>100LL ja JET A1 saatavissa kent\u00e4lt\u00e4 ja autobensan haussa kyl\u00e4lt\u00e4 avustetaan. Airboss 123,400<\/p>\n\n\n\n<p>Tarjoamme lounaan koneen miehist\u00f6lle, jos kone voi olla osa maan\u00e4yttely\u00e4.<\/p>\n\n\n\n<p>Iltaohjelmaan lentokent\u00e4lle ovat tervetulleita kaikki Fly-In vieraat. Kuppilatiimaa ja el\u00e4v\u00e4\u00e4 musiikkia  sek\u00e4 vatsan t\u00e4ytett\u00e4 hyv\u00e4ss\u00e4 seurassa klo 18-24. Osallistumismaksu 25\u20ac sis\u00e4lt\u00e4\u00e4 ohjelman ja p\u00e4iv\u00e4llisen, yksi ruokajuoma.<\/p>\n\n\n\n<p>Airshow 11.6. klo 07-14 UTC. Ohjelmassa taitolentoa (Christen Eagle) ja muita lentoesityksi\u00e4 sek\u00e4 kalustoa maan\u00e4yttelyss\u00e4. <\/p>\n<\/div>\n\n\n\n<div class=\"wp-block-column is-layout-flow wp-block-column-is-layout-flow\">\n<p>Register your plane and crew to event: <a rel=\"noreferrer noopener\" aria-label=\"Arctic Fly In (avautuu uudessa v\u00e4lilehdess\u00e4)\" href=\"https:\/\/forms.gle\/FK2kzPWrUWb2Z1U89\" target=\"_blank\">Arctic Fly In<\/a> Same form to enroll in the evening party. You can send a picture of your plane. We add those to a gallery at webpage.<\/p>\n\n\n\n<p>100LL and JET A1 available at the airport. Mogas at village center (3km) Airboss 123,400<\/p>\n\n\n\n<p>We offer lunch for crew, if the plane can be part of exhibition.<\/p>\n\n\n\n<p>Privat party for Fly-In guests and other pilots at the airport 18-24. Live band music and food include in ticket price 25\u20ac. Dinner includes food and one drink. Other drinks according to your own preference and shopping. Spend an evening with other pilots and friends of aviation.<\/p>\n\n\n\n<p>Airshow 11.6. at 07-14 UTC. There is aerobatics (Christen Eagle) and other presentations in addition to exhibition on ground. <\/p>\n<\/div>\n<\/div>\n\n\n\n<h2 class=\"wp-block-heading\">Majoitus \/ Accommodation<\/h2>\n\n\n\n<p><a rel=\"noreferrer noopener\" aria-label=\"Camping Nilimella  (avautuu uudessa v\u00e4lilehdess\u00e4)\" href=\"https:\/\/nilimella.fi\/\" target=\"_blank\">Camping Nilimella <\/a> tarjoaa majoitusta koodilla Ilmailun\u00e4yt\u00f6s:<\/p>\n\n\n\n<ul><li>Leirint\u00e4m\u00f6kki 40,00 EUR\/y\u00f6 (3 hl\u00f6 kerross\u00e4nky, 120cm alavuode ja 80cm yl\u00e4vuode)<\/li><li>Vaunupaikka s\u00e4hk\u00f6ll\u00e4 20,00 EUR\/y\u00f6 (sis. henkil\u00f6maksut)<\/li><li>Telttapaikka 10,00 EUR\/y\u00f6 (sis. henkil\u00f6maksut)<\/li><li>Saunallinen perushuoneisto 1-2 hl\u00f6 80,00 EUR\/y\u00f6<\/li><li>Saunallinen perushuoneisto 3 hl\u00f6 90,00 EUR\/y\u00f6<\/li><li>Saunallinen perushuoneisto 4 hl\u00f6 100,00 EUR\/y\u00f6<\/li><li>Saunallinen premium huoneisto 1-2 hl\u00f6\u00e4 100,00 EUR\/y\u00f6<\/li><li>Saunallinen premium huoneisto 3 hl\u00f6\u00e4 120,00 EUR\/y\u00f6<\/li><li>Saunallinen premium huoneisto 4 hl\u00f6\u00e4 140,00 EUR\/y\u00f6 <\/li><\/ul>\n\n\n\n<p>Varaukset info@nilimella.fi. J\u00e4rjest\u00e4mme kuljetuksen Nilimellan ja lentokent\u00e4n v\u00e4lill\u00e4 8- hengen &#8220;Pilot Expressill\u00e4&#8221; sek\u00e4 illalla ett\u00e4 aamulla. Aamiasta tarjolla lentokent\u00e4ll\u00e4 6\u20ac hintaan. Jos et halua yksin koko k\u00e4mpp\u00e4\u00e4 niin laita viesti\u00e4 airshow2022@sodik.fi niin koordinoidaan&#8230; Huoneistoissa kaksi 2 hengen huonetta.<\/p>\n\n\n\n<p><a rel=\"noreferrer noopener\" aria-label=\"Camping Nilimella (avautuu uudessa v\u00e4lilehdess\u00e4)\" href=\"https:\/\/nilimella.fi\/en\/\" target=\"_blank\">Camping Nilimella<\/a> offers accommodation with code Airshow:<\/p>\n\n\n\n<ul><li>Camping cabin 40\u20ac\/ night (3pers. beds 2+1)<\/li><li>Campervan site with electricity 20\u20ac \/ night (incl. all persons)<\/li><li>Tent 10\u20ac \/ place (incl. all persons)<\/li><li>Apartement 1-2 pers. 80\u20ac \/ night<\/li><li>Apartment 3 pers. 90\u20ac \/ night<\/li><li>Apartment 4 pers. 100\u20ac \/ night<\/li><li>Premium apartment 1-2 pers. 100\u20ac \/  night<\/li><li>Premium apartment 3 pers. 120\u20ac \/ night <\/li><li>Premium apartment 4 pers. 140\u20ac \/ night <\/li><\/ul>\n\n\n\n<p>Reservations: info@nilimella.fi. There is &#8220;Pilot Express&#8221; (minivan with 8 seats) driving between Nilimella and Airport both Saturday and Sunday. Breakfast available at the airport with price 6\u20ac.<\/p>\n\n\n\n<p><\/p>\n\n\n\n<p>Hotellimajoitus vaihtoehtoja \/ Hotel possibilities <\/p>\n\n\n\n<ul><li><a rel=\"noreferrer noopener\" aria-label=\"Hotelli Sodankyl\u00e4 (avautuu uudessa v\u00e4lilehdess\u00e4)\" href=\"https:\/\/www.sodankylahotel.fi\/\" target=\"_blank\">Hotelli Sodankyl\u00e4<\/a><\/li><li><a rel=\"noreferrer noopener\" aria-label=\"Hotelli Karhu (avautuu uudessa v\u00e4lilehdess\u00e4)\" href=\"http:\/\/hotel-bearinn.com\/\" target=\"_blank\">Hotelli Karhu<\/a><\/li><li><a rel=\"noreferrer noopener\" aria-label=\"Hotelli Luostotunturi  (avautuu uudessa v\u00e4lilehdess\u00e4)\" href=\"https:\/\/www.laplandhotels.com\/FI\/lapin-hotellit\/luosto\/lapland-hotels-luostotunturi?gclid=Cj0KCQjw4PKTBhD8ARIsAHChzRJxz5yMSRgrpbg5jv5vfOFOHKy4_4IZI2ddQminRGb0eeK6PLD0a8gaAjPMEALw_wcB\" target=\"_blank\">Hotelli Luostotunturi <\/a>(n.30km)<\/li><\/ul>\n\n\n\n<p>Tsekkaa my\u00f6s \/ Check also : <a rel=\"noreferrer noopener\" aria-label=\"Midnight Sun Film Festival (avautuu uudessa v\u00e4lilehdess\u00e4)\" href=\"https:\/\/msfilmfestival.fi\/\" target=\"_blank\">Midnight Sun Film Festival<\/a> , <a rel=\"noreferrer noopener\" aria-label=\"Visit Sodankyl\u00e4 (avautuu uudessa v\u00e4lilehdess\u00e4)\" href=\"https:\/\/www.visitsodankyla.fi\/\" target=\"_blank\">Visit Sodankyl\u00e4<\/a>, <a rel=\"noreferrer noopener\" aria-label=\"Visit Sompio (avautuu uudessa v\u00e4lilehdess\u00e4)\" href=\"https:\/\/visitsompio.fi\/\" target=\"_blank\">Visit Sompio<\/a>,  <a rel=\"noreferrer noopener\" aria-label=\"Visit Luosto (avautuu uudessa v\u00e4lilehdess\u00e4)\" href=\"https:\/\/luosto.fi\/?gclid=Cj0KCQjw4PKTBhD8ARIsAHChzRK1pbHYaZwaNrIoBIYv_3UMfinaCcaMjlXgeNglFwXB1O_hlFMmlwMaAkxkEALw_wcB#\" target=\"_blank\">Visit Luosto<\/a><\/p>\n\n\n\n<p><\/p>\n","protected":false},"excerpt":{"rendered":"<p>Ilmoita koneesi ja miehist\u00f6 tapahtumaan lomakkeella Arctic Fly In Samalla lomakkeella ilmoittautuminen iltabileisiin. Otamme mielell\u00e4mme vastaan my\u00f6s kuvia saapuvista koneista, galleria tulee nettisivuille. 100LL ja JET A1 saatavissa kent\u00e4lt\u00e4 ja autobensan haussa kyl\u00e4lt\u00e4 avustetaan. Airboss 123,400 Tarjoamme lounaan koneen miehist\u00f6lle, &hellip; <a href=\"https:\/\/sodik.fi\/?page_id=8393\">Lue loppuun <span class=\"meta-nav\">&rarr;<\/span><\/a><\/p>\n","protected":false},"author":43,"featured_media":0,"parent":0,"menu_order":0,"comment_status":"closed","ping_status":"closed","template":"","meta":{"footnotes":""},"publishpress_future_action":{"enabled":false,"date":"2026-05-15 13:25:05","action":"draft","terms":[],"taxonomy":""},"_links":{"self":[{"href":"https:\/\/sodik.fi\/index.php?rest_route=\/wp\/v2\/pages\/8393"}],"collection":[{"href":"https:\/\/sodik.fi\/index.php?rest_route=\/wp\/v2\/pages"}],"about":[{"href":"https:\/\/sodik.fi\/index.php?rest_route=\/wp\/v2\/types\/page"}],"author":[{"embeddable":true,"href":"https:\/\/sodik.fi\/index.php?rest_route=\/wp\/v2\/users\/43"}],"replies":[{"embeddable":true,"href":"https:\/\/sodik.fi\/index.php?rest_route=%2Fwp%2Fv2%2Fcomments&post=8393"}],"version-history":[{"count":8,"href":"https:\/\/sodik.fi\/index.php?rest_route=\/wp\/v2\/pages\/8393\/revisions"}],"predecessor-version":[{"id":8470,"href":"https:\/\/sodik.fi\/index.php?rest_route=\/wp\/v2\/pages\/8393\/revisions\/8470"}],"wp:attachment":[{"href":"https:\/\/sodik.fi\/index.php?rest_route=%2Fwp%2Fv2%2Fmedia&parent=8393"}],"curies":[{"name":"wp","href":"https:\/\/api.w.org\/{rel}","templated":true}]}}