{"id":8540,"date":"2024-01-17T16:54:08","date_gmt":"2024-01-17T14:54:08","guid":{"rendered":"https:\/\/sodik.fi\/?page_id=8540"},"modified":"2024-05-01T09:07:05","modified_gmt":"2024-05-01T06:07:05","slug":"etusivu","status":"publish","type":"page","link":"https:\/\/sodik.fi\/","title":{"rendered":"Tervetuloa mukaan!"},"content":{"rendered":"\n<p>Sodankyl\u00e4n ilmailukerho on toiminut vuodesta 1965. Toimimme Sodankyl\u00e4n monipuolisella lentoasemalla hyvien liikenneyhteyksien varrella. Kerho tarjoaa j\u00e4senilleen mahdollisuuden harrastaa ilmailua monipuolisesti hyviss\u00e4 olosuhteissa Keski-Lapin upeissa maisemissa.<\/p>\n\n\n\n<p>Kerhossamme voi harrastaa purje- ja moottorilentoa sek\u00e4 varjoliitoa. J\u00e4rjest\u00e4mme lentokoulutusta joustavasti lennonopettajiemme johdolla sek\u00e4 harjoitamme palo- ja pelastuslentotoimintaa.<\/p>\n\n\n\n<p>Tervetuloa tutustumaan toimintaamme!<\/p>\n\n\n<div class=\"wp-block-image\">\n<figure class=\"aligncenter size-large\"><a href=\"https:\/\/sodik.fi\/wp-content\/uploads\/2024\/02\/Matkalennolla-Yllaksen-tunturimaisemassa-scaled.jpg\"><img loading=\"lazy\" decoding=\"async\" width=\"1024\" height=\"681\" src=\"https:\/\/sodik.fi\/wp-content\/uploads\/2024\/02\/Matkalennolla-Yllaksen-tunturimaisemassa-1024x681.jpg\" alt=\"\" class=\"wp-image-8916\" srcset=\"https:\/\/sodik.fi\/wp-content\/uploads\/2024\/02\/Matkalennolla-Yllaksen-tunturimaisemassa-1024x681.jpg 1024w, https:\/\/sodik.fi\/wp-content\/uploads\/2024\/02\/Matkalennolla-Yllaksen-tunturimaisemassa-300x199.jpg 300w, https:\/\/sodik.fi\/wp-content\/uploads\/2024\/02\/Matkalennolla-Yllaksen-tunturimaisemassa-768x511.jpg 768w, https:\/\/sodik.fi\/wp-content\/uploads\/2024\/02\/Matkalennolla-Yllaksen-tunturimaisemassa-1536x1021.jpg 1536w, https:\/\/sodik.fi\/wp-content\/uploads\/2024\/02\/Matkalennolla-Yllaksen-tunturimaisemassa-2048x1362.jpg 2048w, https:\/\/sodik.fi\/wp-content\/uploads\/2024\/02\/Matkalennolla-Yllaksen-tunturimaisemassa-451x300.jpg 451w, https:\/\/sodik.fi\/wp-content\/uploads\/2024\/02\/Matkalennolla-Yllaksen-tunturimaisemassa-180x120.jpg 180w\" sizes=\"(max-width: 1024px) 100vw, 1024px\" \/><\/a><\/figure><\/div>\n\n\n<div style=\"height:80px\" aria-hidden=\"true\" class=\"wp-block-spacer\"><\/div>\n\n\n\n<h2 class=\"wp-block-heading\">Ajankohtaista<\/h2>\n\n\n\n<div class=\"wp-block-group is-layout-constrained wp-block-group-is-layout-constrained\"><div class=\"wp-block-group__inner-container\">\n<div class=\"wp-block-query is-layout-flow wp-block-query-is-layout-flow\">\n<div class=\"wp-block-group is-layout-constrained wp-block-group-is-layout-constrained\"><div class=\"wp-block-group__inner-container\"><ul class=\"wp-block-post-template is-layout-flow wp-block-post-template-is-layout-flow\"><li class=\"wp-block-post post-9371 post type-post status-publish format-standard has-post-thumbnail hentry category-yleinen\">\n<h2 class=\"wp-block-post-title\"><a href=\"https:\/\/sodik.fi\/?p=9371\" target=\"_self\" >Varjoliitokurssi Sodankyl\u00e4n lentokent\u00e4ll\u00e4 22.-24.5.2026<\/a><\/h2>\n\n\n<div class=\"wp-block-group alignwide is-layout-constrained wp-block-group-is-layout-constrained\"><div class=\"wp-block-group__inner-container\">\n<div class=\"wp-block-group is-layout-constrained wp-block-group-is-layout-constrained\"><div class=\"wp-block-group__inner-container\">\n<div class=\"wp-block-group is-layout-constrained wp-block-group-is-layout-constrained\"><div class=\"wp-block-group__inner-container\"><figure class=\"aligncenter wp-block-post-featured-image\"><a href=\"https:\/\/sodik.fi\/?p=9371\" target=\"_self\"  ><img loading=\"lazy\" decoding=\"async\" width=\"1000\" height=\"288\" src=\"https:\/\/sodik.fi\/wp-content\/uploads\/2026\/04\/Varjoliitokurssi-2026-1000x288.jpeg\" class=\"attachment-post-thumbnail size-post-thumbnail wp-post-image\" alt=\"Varjoliitokurssi Sodankyl\u00e4n lentokent\u00e4ll\u00e4 22.-24.5.2026\" style=\"object-fit:cover;\" \/><\/a><\/figure><\/div><\/div>\n<\/div><\/div>\n<\/div><\/div>\n\n\n<div class=\"wp-block-post-excerpt\"><p class=\"wp-block-post-excerpt__excerpt\">Tervetuloa aloittamaan varjoliitoharrastus Sodankyl\u00e4ss\u00e4! J\u00e4rjest\u00e4mme viikonlopun mittaisen PP1-kurssin, jonka aikana opiskelemme tarvittavan teorian ja lentelemme matalia lentoja (min. 5 kpl). Kurssi j\u00e4lkeen olet pilotti ja k\u00e4yty\u00e4si t\u00e4m\u00e4n kurssin j\u00e4lkeen PP2-kurssin, saat jo lent\u00e4\u00e4 itsen\u00e4isesti. Kurssi pidet\u00e4\u00e4n yhteisty\u00f6ss\u00e4 LakeudenLiit\u00e4j\u00e4t Ry:n kanssa. &hellip; Lue loppuun &rarr; <\/p><\/div>\n\n\n<hr class=\"wp-block-separator has-css-opacity\"\/>\n\n\n<div class=\"wp-block-post-date\"><time datetime=\"2026-04-24T09:06:18+03:00\">24.4.2026<\/time><\/div>\n<\/li><li class=\"wp-block-post post-9356 post type-post status-publish format-standard has-post-thumbnail hentry category-yleinen\">\n<h2 class=\"wp-block-post-title\"><a href=\"https:\/\/sodik.fi\/?p=9356\" target=\"_self\" >Vieraita Ranskasta<\/a><\/h2>\n\n\n<div class=\"wp-block-group alignwide is-layout-constrained wp-block-group-is-layout-constrained\"><div class=\"wp-block-group__inner-container\">\n<div class=\"wp-block-group is-layout-constrained wp-block-group-is-layout-constrained\"><div class=\"wp-block-group__inner-container\">\n<div class=\"wp-block-group is-layout-constrained wp-block-group-is-layout-constrained\"><div class=\"wp-block-group__inner-container\"><figure class=\"aligncenter wp-block-post-featured-image\"><a href=\"https:\/\/sodik.fi\/?p=9356\" target=\"_self\"  ><img loading=\"lazy\" decoding=\"async\" width=\"1000\" height=\"288\" src=\"https:\/\/sodik.fi\/wp-content\/uploads\/2026\/03\/Ranskan-ilmavoimien-vierailu-maaliskuu-2026-e1773563106551-1000x288.jpg\" class=\"attachment-post-thumbnail size-post-thumbnail wp-post-image\" alt=\"Vieraita Ranskasta\" style=\"object-fit:cover;\" \/><\/a><\/figure><\/div><\/div>\n<\/div><\/div>\n<\/div><\/div>\n\n\n<div class=\"wp-block-post-excerpt\"><p class=\"wp-block-post-excerpt__excerpt\">Toivotimme maaliskuussa 2026 Ranskan ilmavoimien (FAF) Airbus A400M Atlas -lentokoneen tervetulleeksi Sodankyl\u00e4n lentopaikalle. Atlas teki kaksi full stop laskeutumista, joiden aikana lastattiin ja purettiin kuormaa lastausrampin kautta. Vierailu liittyi k\u00e4ynniss\u00e4 olevaan kansainv\u00e4liseen NATON:n Exercise Cold Response 26 -harjoitukseen. Vierailun aikana &hellip; Lue loppuun &rarr; <\/p><\/div>\n\n\n<hr class=\"wp-block-separator has-css-opacity\"\/>\n\n\n<div class=\"wp-block-post-date\"><time datetime=\"2026-03-15T10:23:44+02:00\">15.3.2026<\/time><\/div>\n<\/li><li class=\"wp-block-post post-9173 post type-post status-publish format-standard has-post-thumbnail hentry category-yleinen\">\n<h2 class=\"wp-block-post-title\"><a href=\"https:\/\/sodik.fi\/?p=9173\" target=\"_self\" >Vuoden 2026 lentokoulutuskausi on alkanut Sodankyl\u00e4n lentokent\u00e4ll\u00e4<\/a><\/h2>\n\n\n<div class=\"wp-block-group alignwide is-layout-constrained wp-block-group-is-layout-constrained\"><div class=\"wp-block-group__inner-container\">\n<div class=\"wp-block-group is-layout-constrained wp-block-group-is-layout-constrained\"><div class=\"wp-block-group__inner-container\">\n<div class=\"wp-block-group is-layout-constrained wp-block-group-is-layout-constrained\"><div class=\"wp-block-group__inner-container\"><figure class=\"aligncenter wp-block-post-featured-image\"><a href=\"https:\/\/sodik.fi\/?p=9173\" target=\"_self\"  ><img loading=\"lazy\" decoding=\"async\" width=\"1000\" height=\"288\" src=\"https:\/\/sodik.fi\/wp-content\/uploads\/2024\/05\/1000048423-1000x288.jpg\" class=\"attachment-post-thumbnail size-post-thumbnail wp-post-image\" alt=\"Vuoden 2026 lentokoulutuskausi on alkanut Sodankyl\u00e4n lentokent\u00e4ll\u00e4\" style=\"object-fit:cover;\" \/><\/a><\/figure><\/div><\/div>\n<\/div><\/div>\n<\/div><\/div>\n\n\n<div class=\"wp-block-post-excerpt\"><p class=\"wp-block-post-excerpt__excerpt\">Kouluttaudu lent\u00e4j\u00e4ksi Sodankyl\u00e4n Ilmailukerhon lentokoulutus on suunniteltu siten, ett\u00e4 teoriapohja valmistaa hyvin k\u00e4yt\u00e4nn\u00f6n lentotoimintaan. Siksi on t\u00e4rke\u00e4\u00e4 aloittaa lentoteoriakurssit ajoissa, jotta voit siirty\u00e4 lent\u00e4m\u00e4\u00e4n heti kes\u00e4kauden alettua. Kokemusta harrasteilmailusta Tarjoamme lentoteoriaa ja -koulutusta ilmailuharrastajille kokeneiden harrastajien ja ohjaajien tukemana. Kurssit &hellip; Lue loppuun &rarr; <\/p><\/div>\n\n\n<hr class=\"wp-block-separator has-css-opacity\"\/>\n\n\n<div class=\"wp-block-post-date\"><time datetime=\"2026-03-04T09:32:00+02:00\">4.3.2026<\/time><\/div>\n<\/li><\/ul><\/div><\/div>\n<\/div>\n<\/div><\/div>\n\n\n\n<div style=\"height:55px\" aria-hidden=\"true\" class=\"wp-block-spacer\"><\/div>\n\n\n\n<div style=\"height:40px\" aria-hidden=\"true\" class=\"wp-block-spacer\"><\/div>\n","protected":false},"excerpt":{"rendered":"<p>Sodankyl\u00e4n ilmailukerho on toiminut vuodesta 1965. Toimimme Sodankyl\u00e4n monipuolisella lentoasemalla hyvien liikenneyhteyksien varrella. Kerho tarjoaa j\u00e4senilleen mahdollisuuden harrastaa ilmailua monipuolisesti hyviss\u00e4 olosuhteissa Keski-Lapin upeissa maisemissa. Kerhossamme voi harrastaa purje- ja moottorilentoa sek\u00e4 varjoliitoa. J\u00e4rjest\u00e4mme lentokoulutusta joustavasti lennonopettajiemme johdolla sek\u00e4 harjoitamme &hellip; <a href=\"https:\/\/sodik.fi\/\">Lue loppuun <span class=\"meta-nav\">&rarr;<\/span><\/a><\/p>\n","protected":false},"author":11,"featured_media":0,"parent":0,"menu_order":0,"comment_status":"closed","ping_status":"closed","template":"","meta":{"footnotes":""},"publishpress_future_action":{"enabled":false,"date":"2026-05-13 14:23:21","action":"draft","terms":[],"taxonomy":""},"_links":{"self":[{"href":"https:\/\/sodik.fi\/index.php?rest_route=\/wp\/v2\/pages\/8540"}],"collection":[{"href":"https:\/\/sodik.fi\/index.php?rest_route=\/wp\/v2\/pages"}],"about":[{"href":"https:\/\/sodik.fi\/index.php?rest_route=\/wp\/v2\/types\/page"}],"author":[{"embeddable":true,"href":"https:\/\/sodik.fi\/index.php?rest_route=\/wp\/v2\/users\/11"}],"replies":[{"embeddable":true,"href":"https:\/\/sodik.fi\/index.php?rest_route=%2Fwp%2Fv2%2Fcomments&post=8540"}],"version-history":[{"count":37,"href":"https:\/\/sodik.fi\/index.php?rest_route=\/wp\/v2\/pages\/8540\/revisions"}],"predecessor-version":[{"id":9169,"href":"https:\/\/sodik.fi\/index.php?rest_route=\/wp\/v2\/pages\/8540\/revisions\/9169"}],"wp:attachment":[{"href":"https:\/\/sodik.fi\/index.php?rest_route=%2Fwp%2Fv2%2Fmedia&parent=8540"}],"curies":[{"name":"wp","href":"https:\/\/api.w.org\/{rel}","templated":true}]}}