{"id":8758,"date":"2024-01-31T20:16:46","date_gmt":"2024-01-31T18:16:46","guid":{"rendered":"https:\/\/sodik.fi\/?page_id=8758"},"modified":"2024-03-07T10:57:18","modified_gmt":"2024-03-07T08:57:18","slug":"lentopaikan-tiedot-ja-kartat","status":"publish","type":"page","link":"https:\/\/sodik.fi\/?page_id=8758","title":{"rendered":"Lentopaikan EFSO-tiedot ja kartat"},"content":{"rendered":"\n<div style=\"height:30px\" aria-hidden=\"true\" class=\"wp-block-spacer\"><\/div>\n\n\n\n<h2 class=\"wp-block-heading\">EFSO Sodankyl\u00e4, Finland<br \/>Sodankyl\u00e4 Airport<\/h2>\n\n\n\n<p>Sodankyl\u00e4n lentoasema<br \/>Lentoasemantie 42, 99600 Sodankyl\u00e4<br \/>+358 400 396 735 (lentopaikan p\u00e4\u00e4llikk\u00f6)<\/p>\n\n\n\n<div style=\"height:40px\" aria-hidden=\"true\" class=\"wp-block-spacer\"><\/div>\n\n\n\n<h2 class=\"wp-block-heading\">Kartat ja tiedot<\/h2>\n\n\n\n<p><a href=\"https:\/\/www.ais.fi\/eaip\/002-2023_2023_04_20\/eAIP\/EF-AD%20%202%20EFSO%20-%20SODANKYL%C3%84%201-fi-FI.html\" target=\"_blank\" rel=\"noreferrer noopener\">Fintraffic Lennonvarmistuksen Ilmailuk\u00e4sikirja eAIP<\/a>  sis\u00e4lt\u00e4\u00e4 tiedot Sodankyl\u00e4n lentopaikan lentokentt\u00e4alueesta, palveluista  ja k\u00e4ytt\u00f6kelpoisuudesta.<\/p>\n\n\n\n<div style=\"height:40px\" aria-hidden=\"true\" class=\"wp-block-spacer\"><\/div>\n\n\n\n<h2 class=\"wp-block-heading\">Radiokutsu MHz 123.400<\/h2>\n\n\n\n<p>EFSO MHz 123.400 &#8211; Call sign: &#8220;Sodankyl\u00e4n liikenne&#8221;<br \/>ACC MHz 126.100 &#8211; Call sign: &#8220;Helsinki Control&#8221;<\/p>\n\n\n\n<div style=\"height:40px\" aria-hidden=\"true\" class=\"wp-block-spacer\"><\/div>\n\n\n\n<h2 class=\"wp-block-heading\">Polttoaineiden saatavuus<\/h2>\n\n\n\n<p>JET A1 \u2013 Heflite Oy, tankkaus tilattava erikseen, +358 40 097 0130<br \/>Avgas 100LL \u2013 KanAir Malmi Oy, Kanair-kortti, pankki- ja luottokortit<\/p>\n\n\n\n<div style=\"height:40px\" aria-hidden=\"true\" class=\"wp-block-spacer\"><\/div>\n\n\n\n<h2 class=\"wp-block-heading\">RWY 16\/34<\/h2>\n\n\n\n<p>ELEV FT (M) 602 (183)<br \/>DMN M 1500 x 30<br \/>LDA M 1500<br \/>SFC ASPH<\/p>\n\n\n\n<div style=\"height:40px\" aria-hidden=\"true\" class=\"wp-block-spacer\"><\/div>\n\n\n\n<p>Lis\u00e4tietoja ja tiedot alueen nykyisist\u00e4 toimijoista <a href=\"https:\/\/sodik.fi\/?page_id=7371\">Sodankyl\u00e4n lentopaikka -sivulta<\/a>.<\/p>\n\n\n\n<div style=\"height:40px\" aria-hidden=\"true\" class=\"wp-block-spacer\"><\/div>\n","protected":false},"excerpt":{"rendered":"<p>EFSO Sodankyl\u00e4, FinlandSodankyl\u00e4 Airport Sodankyl\u00e4n lentoasemaLentoasemantie 42, 99600 Sodankyl\u00e4+358 400 396 735 (lentopaikan p\u00e4\u00e4llikk\u00f6) Kartat ja tiedot Fintraffic Lennonvarmistuksen Ilmailuk\u00e4sikirja eAIP sis\u00e4lt\u00e4\u00e4 tiedot Sodankyl\u00e4n lentopaikan lentokentt\u00e4alueesta, palveluista ja k\u00e4ytt\u00f6kelpoisuudesta. Radiokutsu MHz 123.400 EFSO MHz 123.400 &#8211; Call sign: &#8220;Sodankyl\u00e4n liikenne&#8221;ACC &hellip; <a href=\"https:\/\/sodik.fi\/?page_id=8758\">Lue loppuun <span class=\"meta-nav\">&rarr;<\/span><\/a><\/p>\n","protected":false},"author":11,"featured_media":0,"parent":0,"menu_order":0,"comment_status":"closed","ping_status":"closed","template":"","meta":{"footnotes":""},"publishpress_future_action":{"enabled":false,"date":"2026-05-09 06:00:40","action":"draft","terms":[],"taxonomy":""},"_links":{"self":[{"href":"https:\/\/sodik.fi\/index.php?rest_route=\/wp\/v2\/pages\/8758"}],"collection":[{"href":"https:\/\/sodik.fi\/index.php?rest_route=\/wp\/v2\/pages"}],"about":[{"href":"https:\/\/sodik.fi\/index.php?rest_route=\/wp\/v2\/types\/page"}],"author":[{"embeddable":true,"href":"https:\/\/sodik.fi\/index.php?rest_route=\/wp\/v2\/users\/11"}],"replies":[{"embeddable":true,"href":"https:\/\/sodik.fi\/index.php?rest_route=%2Fwp%2Fv2%2Fcomments&post=8758"}],"version-history":[{"count":24,"href":"https:\/\/sodik.fi\/index.php?rest_route=\/wp\/v2\/pages\/8758\/revisions"}],"predecessor-version":[{"id":9144,"href":"https:\/\/sodik.fi\/index.php?rest_route=\/wp\/v2\/pages\/8758\/revisions\/9144"}],"wp:attachment":[{"href":"https:\/\/sodik.fi\/index.php?rest_route=%2Fwp%2Fv2%2Fmedia&parent=8758"}],"curies":[{"name":"wp","href":"https:\/\/api.w.org\/{rel}","templated":true}]}}