{"id":8765,"date":"2024-01-31T20:22:17","date_gmt":"2024-01-31T18:22:17","guid":{"rendered":"https:\/\/sodik.fi\/?page_id=8765"},"modified":"2024-02-28T21:19:27","modified_gmt":"2024-02-28T19:19:27","slug":"flyk","status":"publish","type":"page","link":"https:\/\/sodik.fi\/?page_id=8765","title":{"rendered":"FLYK"},"content":{"rendered":"\n<p>Aktiiviset alueet ja muu ilmailulle vaarallinen toiminta l\u00f6ytyy <a href=\"https:\/\/flyk.com\/map?pilot&amp;lang=fi#p=6.12\/67.035\/26.848\" target=\"_blank\" rel=\"noreferrer noopener\">FLYK-kartasta<\/a>. Huom! Alla oleva kartta on kuvituskuva. Ajantasaiset tiedot l\u00f6yd\u00e4t napsauttamalla linkki\u00e4 tai kuvaa. Molemmat viev\u00e4t sinut p\u00e4ivittyv\u00e4\u00e4n FLYK-karttaan.<\/p>\n\n\n<div class=\"wp-block-image\">\n<figure class=\"aligncenter size-full\"><a href=\"https:\/\/flyk.com\/map?basemap=aerial&amp;lang=fi&amp;pilot#p=5.23\/60.921\/32.168\" target=\"_blank\" rel=\"noreferrer noopener\"><img loading=\"lazy\" decoding=\"async\" width=\"784\" height=\"702\" src=\"https:\/\/sodik.fi\/wp-content\/uploads\/2024\/02\/FLYK.jpg\" alt=\"\" class=\"wp-image-8895\" srcset=\"https:\/\/sodik.fi\/wp-content\/uploads\/2024\/02\/FLYK.jpg 784w, https:\/\/sodik.fi\/wp-content\/uploads\/2024\/02\/FLYK-300x269.jpg 300w, https:\/\/sodik.fi\/wp-content\/uploads\/2024\/02\/FLYK-768x688.jpg 768w, https:\/\/sodik.fi\/wp-content\/uploads\/2024\/02\/FLYK-335x300.jpg 335w\" sizes=\"(max-width: 784px) 100vw, 784px\" \/><\/a><\/figure><\/div>\n\n\n<div style=\"height:40px\" aria-hidden=\"true\" class=\"wp-block-spacer\"><\/div>\n","protected":false},"excerpt":{"rendered":"<p>Aktiiviset alueet ja muu ilmailulle vaarallinen toiminta l\u00f6ytyy FLYK-kartasta. Huom! Alla oleva kartta on kuvituskuva. Ajantasaiset tiedot l\u00f6yd\u00e4t napsauttamalla linkki\u00e4 tai kuvaa. Molemmat viev\u00e4t sinut p\u00e4ivittyv\u00e4\u00e4n FLYK-karttaan.<\/p>\n","protected":false},"author":11,"featured_media":0,"parent":0,"menu_order":0,"comment_status":"closed","ping_status":"closed","template":"","meta":{"footnotes":""},"publishpress_future_action":{"enabled":false,"date":"2026-05-05 15:30:34","action":"draft","terms":[],"taxonomy":""},"_links":{"self":[{"href":"https:\/\/sodik.fi\/index.php?rest_route=\/wp\/v2\/pages\/8765"}],"collection":[{"href":"https:\/\/sodik.fi\/index.php?rest_route=\/wp\/v2\/pages"}],"about":[{"href":"https:\/\/sodik.fi\/index.php?rest_route=\/wp\/v2\/types\/page"}],"author":[{"embeddable":true,"href":"https:\/\/sodik.fi\/index.php?rest_route=\/wp\/v2\/users\/11"}],"replies":[{"embeddable":true,"href":"https:\/\/sodik.fi\/index.php?rest_route=%2Fwp%2Fv2%2Fcomments&post=8765"}],"version-history":[{"count":7,"href":"https:\/\/sodik.fi\/index.php?rest_route=\/wp\/v2\/pages\/8765\/revisions"}],"predecessor-version":[{"id":9098,"href":"https:\/\/sodik.fi\/index.php?rest_route=\/wp\/v2\/pages\/8765\/revisions\/9098"}],"wp:attachment":[{"href":"https:\/\/sodik.fi\/index.php?rest_route=%2Fwp%2Fv2%2Fmedia&parent=8765"}],"curies":[{"name":"wp","href":"https:\/\/api.w.org\/{rel}","templated":true}]}}