{"id":8795,"date":"2024-01-31T21:12:55","date_gmt":"2024-01-31T19:12:55","guid":{"rendered":"https:\/\/sodik.fi\/?page_id=8795"},"modified":"2024-02-27T18:39:35","modified_gmt":"2024-02-27T16:39:35","slug":"pelastus-ja-palolentotoiminta","status":"publish","type":"page","link":"https:\/\/sodik.fi\/?page_id=8795","title":{"rendered":"Pelastus- ja palolentotoiminta"},"content":{"rendered":"<div class=\"wp-block-image\">\n<figure class=\"aligncenter size-full\"><a href=\"https:\/\/sodik.fi\/wp-content\/uploads\/2024\/02\/Lentopelastus-1.png\"><img loading=\"lazy\" decoding=\"async\" width=\"225\" height=\"225\" src=\"https:\/\/sodik.fi\/wp-content\/uploads\/2024\/02\/Lentopelastus-1.png\" alt=\"\" class=\"wp-image-8814\" srcset=\"https:\/\/sodik.fi\/wp-content\/uploads\/2024\/02\/Lentopelastus-1.png 225w, https:\/\/sodik.fi\/wp-content\/uploads\/2024\/02\/Lentopelastus-1-150x150.png 150w\" sizes=\"(max-width: 225px) 100vw, 225px\" \/><\/a><\/figure><\/div>\n\n\n<div style=\"height:40px\" aria-hidden=\"true\" class=\"wp-block-spacer\"><\/div>\n\n\n\n<h2 class=\"wp-block-heading\">Pelastuslentotoiminta (SAR)<\/h2>\n\n\n\n<p>Suomen Lentopelastusseuran (SLPS) j\u00e4senen\u00e4 Sodankyl\u00e4n Ilmailukerho yll\u00e4pit\u00e4\u00e4 yht\u00e4 lentopelastustukikohtaa. Etsint\u00e4-, pelastus- ja palolentotoimintaa harjoitetaan tiiviiss\u00e4 yhteisty\u00f6ss\u00e4 viranomaisten kanssa. Koulutamme lis\u00e4ksi lent\u00e4ji\u00e4 ja teht\u00e4v\u00e4johtajia toimintaan.<\/p>\n\n\n\n<div style=\"height:40px\" aria-hidden=\"true\" class=\"wp-block-spacer\"><\/div>\n\n\n\n<h2 class=\"wp-block-heading\">Palolentotoiminta<\/h2>\n\n\n\n<p>Sodankyl\u00e4n ilmailukerho on harjoittanut palolentotoimintaa jo yli 30 vuoden ajan kes\u00e4isin It\u00e4-Lapin alueella. Viranomaisen j\u00e4rjest\u00e4m\u00e4ss\u00e4 toiminnassa pyrit\u00e4\u00e4n l\u00f6yt\u00e4m\u00e4\u00e4n palopes\u00e4kkeet er\u00e4maa-alueelta mahdollisimman varhaisessa alueessa ja t\u00e4ten avustamaan pelastuslaitosta ennaltaehk\u00e4isem\u00e4\u00e4n vahinkoja.<\/p>\n\n\n\n<div style=\"height:40px\" aria-hidden=\"true\" class=\"wp-block-spacer\"><\/div>\n","protected":false},"excerpt":{"rendered":"<p>Pelastuslentotoiminta (SAR) Suomen Lentopelastusseuran (SLPS) j\u00e4senen\u00e4 Sodankyl\u00e4n Ilmailukerho yll\u00e4pit\u00e4\u00e4 yht\u00e4 lentopelastustukikohtaa. Etsint\u00e4-, pelastus- ja palolentotoimintaa harjoitetaan tiiviiss\u00e4 yhteisty\u00f6ss\u00e4 viranomaisten kanssa. Koulutamme lis\u00e4ksi lent\u00e4ji\u00e4 ja teht\u00e4v\u00e4johtajia toimintaan. Palolentotoiminta Sodankyl\u00e4n ilmailukerho on harjoittanut palolentotoimintaa jo yli 30 vuoden ajan kes\u00e4isin It\u00e4-Lapin alueella. &hellip; <a href=\"https:\/\/sodik.fi\/?page_id=8795\">Lue loppuun <span class=\"meta-nav\">&rarr;<\/span><\/a><\/p>\n","protected":false},"author":11,"featured_media":0,"parent":0,"menu_order":0,"comment_status":"closed","ping_status":"closed","template":"","meta":{"footnotes":""},"publishpress_future_action":{"enabled":false,"date":"2026-05-09 18:26:25","action":"draft","terms":[],"taxonomy":""},"_links":{"self":[{"href":"https:\/\/sodik.fi\/index.php?rest_route=\/wp\/v2\/pages\/8795"}],"collection":[{"href":"https:\/\/sodik.fi\/index.php?rest_route=\/wp\/v2\/pages"}],"about":[{"href":"https:\/\/sodik.fi\/index.php?rest_route=\/wp\/v2\/types\/page"}],"author":[{"embeddable":true,"href":"https:\/\/sodik.fi\/index.php?rest_route=\/wp\/v2\/users\/11"}],"replies":[{"embeddable":true,"href":"https:\/\/sodik.fi\/index.php?rest_route=%2Fwp%2Fv2%2Fcomments&post=8795"}],"version-history":[{"count":5,"href":"https:\/\/sodik.fi\/index.php?rest_route=\/wp\/v2\/pages\/8795\/revisions"}],"predecessor-version":[{"id":9000,"href":"https:\/\/sodik.fi\/index.php?rest_route=\/wp\/v2\/pages\/8795\/revisions\/9000"}],"wp:attachment":[{"href":"https:\/\/sodik.fi\/index.php?rest_route=%2Fwp%2Fv2%2Fmedia&parent=8795"}],"curies":[{"name":"wp","href":"https:\/\/api.w.org\/{rel}","templated":true}]}}