{"id":9156,"date":"2024-03-14T10:07:53","date_gmt":"2024-03-14T08:07:53","guid":{"rendered":"https:\/\/sodik.fi\/?page_id=9156"},"modified":"2024-03-14T10:23:24","modified_gmt":"2024-03-14T08:23:24","slug":"jasenelle","status":"publish","type":"page","link":"https:\/\/sodik.fi\/?page_id=9156","title":{"rendered":"J\u00e4senille"},"content":{"rendered":"\n<figure class=\"wp-block-image size-large\"><a href=\"https:\/\/sodik.fi\/wp-content\/uploads\/2020\/05\/DSC_0036.jpg\"><img loading=\"lazy\" decoding=\"async\" width=\"1024\" height=\"680\" src=\"https:\/\/sodik.fi\/wp-content\/uploads\/2020\/05\/DSC_0036-1024x680.jpg\" alt=\"\" class=\"wp-image-8140\" srcset=\"https:\/\/sodik.fi\/wp-content\/uploads\/2020\/05\/DSC_0036.jpg 1024w, https:\/\/sodik.fi\/wp-content\/uploads\/2020\/05\/DSC_0036-300x199.jpg 300w, https:\/\/sodik.fi\/wp-content\/uploads\/2020\/05\/DSC_0036-768x510.jpg 768w, https:\/\/sodik.fi\/wp-content\/uploads\/2020\/05\/DSC_0036-452x300.jpg 452w, https:\/\/sodik.fi\/wp-content\/uploads\/2020\/05\/DSC_0036-180x120.jpg 180w\" sizes=\"(max-width: 1024px) 100vw, 1024px\" \/><\/a><\/figure>\n\n\n\n<div style=\"height:30px\" aria-hidden=\"true\" class=\"wp-block-spacer\"><\/div>\n\n\n\n<h2 class=\"wp-block-heading\">J\u00e4senille hy\u00f6dyllisi\u00e4 linkkej\u00e4<\/h2>\n\n\n\n<p><a href=\"https:\/\/onedrive.live.com\/login\/\" target=\"_blank\" rel=\"noreferrer noopener\">Sodankyl\u00e4n ilmailukerhon pilvipankki<\/a><\/p>\n\n\n\n<p><a href=\"https:\/\/laskukierros.fi\/\" target=\"_blank\" rel=\"noreferrer noopener\">Laskukierros.fi-sivusto<\/a><\/p>\n\n\n\n<div style=\"height:40px\" aria-hidden=\"true\" class=\"wp-block-spacer\"><\/div>\n\n\n\n<h2 class=\"wp-block-heading\">Tulossa turvallisuudenhallintaj\u00e4rjestelm\u00e4 (SMS) kerhon sis\u00e4iseen k\u00e4ytt\u00f6\u00f6n.<\/h2>\n\n\n\n<div style=\"height:30px\" aria-hidden=\"true\" class=\"wp-block-spacer\"><\/div>\n","protected":false},"excerpt":{"rendered":"<p>J\u00e4senille hy\u00f6dyllisi\u00e4 linkkej\u00e4 Sodankyl\u00e4n ilmailukerhon pilvipankki Laskukierros.fi-sivusto Tulossa turvallisuudenhallintaj\u00e4rjestelm\u00e4 (SMS) kerhon sis\u00e4iseen k\u00e4ytt\u00f6\u00f6n.<\/p>\n","protected":false},"author":11,"featured_media":0,"parent":0,"menu_order":0,"comment_status":"closed","ping_status":"closed","template":"","meta":{"footnotes":""},"publishpress_future_action":{"enabled":false,"date":"2026-04-23 07:55:57","action":"draft","terms":[],"taxonomy":""},"_links":{"self":[{"href":"https:\/\/sodik.fi\/index.php?rest_route=\/wp\/v2\/pages\/9156"}],"collection":[{"href":"https:\/\/sodik.fi\/index.php?rest_route=\/wp\/v2\/pages"}],"about":[{"href":"https:\/\/sodik.fi\/index.php?rest_route=\/wp\/v2\/types\/page"}],"author":[{"embeddable":true,"href":"https:\/\/sodik.fi\/index.php?rest_route=\/wp\/v2\/users\/11"}],"replies":[{"embeddable":true,"href":"https:\/\/sodik.fi\/index.php?rest_route=%2Fwp%2Fv2%2Fcomments&post=9156"}],"version-history":[{"count":7,"href":"https:\/\/sodik.fi\/index.php?rest_route=\/wp\/v2\/pages\/9156\/revisions"}],"predecessor-version":[{"id":9166,"href":"https:\/\/sodik.fi\/index.php?rest_route=\/wp\/v2\/pages\/9156\/revisions\/9166"}],"wp:attachment":[{"href":"https:\/\/sodik.fi\/index.php?rest_route=%2Fwp%2Fv2%2Fmedia&parent=9156"}],"curies":[{"name":"wp","href":"https:\/\/api.w.org\/{rel}","templated":true}]}}